{"id":5424,"date":"2023-11-06T17:33:48","date_gmt":"2023-11-06T17:33:48","guid":{"rendered":"https:\/\/sharpthinkit.com\/?page_id=5424"},"modified":"2024-10-11T17:20:09","modified_gmt":"2024-10-11T16:20:09","slug":"recursos-gratuitos","status":"publish","type":"page","link":"https:\/\/sharpthinkit.com\/pt\/recursos-gratuitos\/","title":{"rendered":"Recursos Gratuitos"},"content":{"rendered":"<section class=\"gb-container gb-container-c2bdce6b\">\n<div class=\"gb-container gb-container-98cc91ca\">\n\n<h1 class=\"gb-headline gb-headline-b75bd6a5 gb-headline-text\">Recursos Gratuitos<\/h1>\n\n<\/div>\n<div class=\"gb-shapes\"><div class=\"gb-shape gb-shape-1\"><svg xmlns=\"http:\/\/www.w3.org\/2000\/svg\" viewbox=\"0 0 1200 194.3\" preserveaspectratio=\"none\"><path d=\"M1200 133.3l-50 8.9c-50 8.6-150 26.9-250 31.1-100 4.2-200-4.2-300-26.7S400 89.2 300 62.2C200 35.8 100 17.5 50 8.9L0 0v194.3h1200v-61z\"\/><\/svg><\/div><\/div><\/section>\n\n\n<style>\n.wp-block-columns-2 {\n    margin-bottom: 0 !important;\n    padding: 1.75em 0 2.75em;\n}\n@media (min-width: 768px) {\n.inside-article .gb-grid-wrapper figure.gb-block-image  {\n    max-height: 310px;\n    overflow-y: hidden;\n    display: flex;\n    align-items: center;\n    justify-content: center;\n}\n}\n<\/style>\n\n\n<div class=\"gb-container gb-container-29c03d16\">\n<div class=\"gb-container gb-container-9c1b30cf\">\n<div class=\"gb-container gb-container-f518ff98\">\n<div class=\"gb-container gb-container-a5ea3cc6\">\n<div class=\"gb-container gb-container-46c5e0b4\">\n\n<div class=\"wp-block-group is-layout-constrained\"><div class=\"wp-block-group__inner-container\"><div class=\"gb-container gb-container-183b106b\">\n<div class=\"gb-container gb-container-82a7cac5\">\n\n<h1 class=\"wp-block-heading\"><strong>Guia | Fatura de Cliente<\/strong><\/h1>\n\n\n<div class=\"wp-block-image\">\n<figure class=\"aligncenter size-large is-resized\"><img decoding=\"async\" src=\"https:\/\/sharpthinkit.com\/wp-content\/uploads\/2024\/09\/Faturas-WebClient-1024x576.png\" alt=\"Faturas WebClient\" class=\"wp-image-9074\" width=\"594\" height=\"334\" srcset=\"https:\/\/sharpthinkit.com\/wp-content\/uploads\/2024\/09\/Faturas-WebClient-1024x576.png 1024w, https:\/\/sharpthinkit.com\/wp-content\/uploads\/2024\/09\/Faturas-WebClient-300x169.png 300w, https:\/\/sharpthinkit.com\/wp-content\/uploads\/2024\/09\/Faturas-WebClient-768x432.png 768w, https:\/\/sharpthinkit.com\/wp-content\/uploads\/2024\/09\/Faturas-WebClient-1536x864.png 1536w, https:\/\/sharpthinkit.com\/wp-content\/uploads\/2024\/09\/Faturas-WebClient-18x10.png 18w, https:\/\/sharpthinkit.com\/wp-content\/uploads\/2024\/09\/Faturas-WebClient.png 1920w\" sizes=\"(max-width: 594px) 100vw, 594px\" \/><\/figure><\/div>\n\n\n<div style=\"height:40px\" aria-hidden=\"true\" class=\"wp-block-spacer\"><\/div>\n\n<\/div>\n\n\n<p>Neste Guia passo-a-passo, mostramos como pode criar uma Fatura no WebClient do SAP Business One. Descarregue j\u00e1 gratuitamente!<\/p>\n\n\n\n<div class=\"wp-block-buttons is-layout-flex\">\n<div class=\"wp-block-button\"><a class=\"wp-block-button__link wp-element-button\" href=\"https:\/\/sharpthinkit.com\/wp-content\/uploads\/2024\/09\/Webclient-Fatura.pdf\" target=\"_blank\" rel=\"noreferrer noopener\">Quero o Guia<\/a><\/div>\n<\/div>\n\n<\/div><\/div><\/div>\n\n\n\n<div class=\"wp-block-group is-layout-constrained\"><div class=\"wp-block-group__inner-container\"><div class=\"gb-container gb-container-bb5659d7\">\n<div class=\"gb-container gb-container-1e761e7e\">\n\n<h1 class=\"wp-block-heading\"><strong>Guia | Compra, Rece\u00e7\u00e3o e Fatura<\/strong><\/h1>\n\n\n<div class=\"wp-block-image\">\n<figure class=\"aligncenter size-large is-resized\"><img decoding=\"async\" src=\"https:\/\/sharpthinkit.com\/wp-content\/uploads\/2024\/10\/1-1-1024x576.png\" alt=\"Compra Mercadoria Fatura Fornecedor WebClient SAP Business One\" class=\"wp-image-9178\" width=\"594\" height=\"334\" srcset=\"https:\/\/sharpthinkit.com\/wp-content\/uploads\/2024\/10\/1-1-1024x576.png 1024w, https:\/\/sharpthinkit.com\/wp-content\/uploads\/2024\/10\/1-1-300x169.png 300w, https:\/\/sharpthinkit.com\/wp-content\/uploads\/2024\/10\/1-1-768x432.png 768w, https:\/\/sharpthinkit.com\/wp-content\/uploads\/2024\/10\/1-1-1536x864.png 1536w, https:\/\/sharpthinkit.com\/wp-content\/uploads\/2024\/10\/1-1-18x10.png 18w, https:\/\/sharpthinkit.com\/wp-content\/uploads\/2024\/10\/1-1.png 1920w\" sizes=\"(max-width: 594px) 100vw, 594px\" \/><\/figure><\/div>\n\n\n<div style=\"height:40px\" aria-hidden=\"true\" class=\"wp-block-spacer\"><\/div>\n\n\n\n<p>Neste Guia passo-a-passo, mostramos como pode criar uma Ordem de Compra, uma Rece\u00e7\u00e3o de Mercadoria e uma Fatura de Fornecedor no WebClient do SAP Business One. Descarregue j\u00e1 gratuitamente!<\/p>\n\n\n\n<div class=\"wp-block-buttons is-layout-flex\">\n<div class=\"wp-block-button\"><a class=\"wp-block-button__link wp-element-button\" href=\"https:\/\/sharpthinkit.com\/wp-content\/uploads\/2024\/10\/Webclient-Ordem-Rececao-e-Fatura.pdf\" target=\"_blank\" rel=\"noreferrer noopener\">Quero o Guia<\/a><\/div>\n<\/div>\n\n<\/div>\n<\/div><\/div><\/div>\n\n<\/div>\n<\/div>\n<\/div>\n\n<div class=\"gb-container gb-container-7ffa19d5\">\n<div class=\"gb-container gb-container-23395a32\">\n<div class=\"gb-container gb-container-e83a34fc\">\n\n<div class=\"wp-block-group is-layout-constrained\"><div class=\"wp-block-group__inner-container\"><div class=\"gb-container gb-container-cb33e3d5\">\n<div class=\"gb-container gb-container-b2e67a60\">\n\n<h1 class=\"wp-block-heading\"><strong>Guia | Notas de Cr\u00e9dito<\/strong><\/h1>\n\n\n<div class=\"wp-block-image\">\n<figure class=\"aligncenter size-large is-resized\"><img decoding=\"async\" src=\"https:\/\/sharpthinkit.com\/wp-content\/uploads\/2024\/09\/Nota-Credito-WebClient-1024x576.png\" alt=\"Nota Cre\u0301dito WebClient\" class=\"wp-image-9075\" width=\"600\" height=\"337\" srcset=\"https:\/\/sharpthinkit.com\/wp-content\/uploads\/2024\/09\/Nota-Credito-WebClient-1024x576.png 1024w, https:\/\/sharpthinkit.com\/wp-content\/uploads\/2024\/09\/Nota-Credito-WebClient-300x169.png 300w, https:\/\/sharpthinkit.com\/wp-content\/uploads\/2024\/09\/Nota-Credito-WebClient-768x432.png 768w, https:\/\/sharpthinkit.com\/wp-content\/uploads\/2024\/09\/Nota-Credito-WebClient-1536x864.png 1536w, https:\/\/sharpthinkit.com\/wp-content\/uploads\/2024\/09\/Nota-Credito-WebClient-18x10.png 18w, https:\/\/sharpthinkit.com\/wp-content\/uploads\/2024\/09\/Nota-Credito-WebClient.png 1920w\" sizes=\"(max-width: 600px) 100vw, 600px\" \/><\/figure><\/div>\n<\/div>\n<\/div>\n\n\n<div style=\"height:40px\" aria-hidden=\"true\" class=\"wp-block-spacer\"><\/div>\n\n\n\n<p>Neste Guia passo-a-passo, mostramos como pode criar uma Nota de Cr\u00e9dito no WebClient do SAP Business One. Descarregue j\u00e1 gratuitamente!<\/p>\n\n\n\n<div class=\"wp-block-buttons is-layout-flex\">\n<div class=\"wp-block-button\"><a class=\"wp-block-button__link wp-element-button\" href=\"https:\/\/sharpthinkit.com\/wp-content\/uploads\/2024\/09\/Webclient-Nota-Credito.pdf\" target=\"_blank\" rel=\"noreferrer noopener\">Quero o Guia<\/a><\/div>\n<\/div>\n<\/div><\/div>\n\n<\/div>\n<\/div>\n\n\n<div class=\"wp-block-group is-layout-constrained\"><div class=\"wp-block-group__inner-container\"><div class=\"gb-container gb-container-0a424652\">\n<div class=\"gb-container gb-container-ffef7598\">\n\n<h1 class=\"wp-block-heading\"><strong>Guia | Artigos e Armaz\u00e9ns<\/strong><\/h1>\n\n\n<div class=\"wp-block-image\">\n<figure class=\"aligncenter size-large\"><img decoding=\"async\" width=\"1024\" height=\"576\" src=\"https:\/\/sharpthinkit.com\/wp-content\/uploads\/2024\/10\/16-1024x576.png\" alt=\"Artigo Armaz\u00e9m WebClient SAP Business One\" class=\"wp-image-9179\" srcset=\"https:\/\/sharpthinkit.com\/wp-content\/uploads\/2024\/10\/16-1024x576.png 1024w, https:\/\/sharpthinkit.com\/wp-content\/uploads\/2024\/10\/16-300x169.png 300w, https:\/\/sharpthinkit.com\/wp-content\/uploads\/2024\/10\/16-768x432.png 768w, https:\/\/sharpthinkit.com\/wp-content\/uploads\/2024\/10\/16-1536x864.png 1536w, https:\/\/sharpthinkit.com\/wp-content\/uploads\/2024\/10\/16-18x10.png 18w, https:\/\/sharpthinkit.com\/wp-content\/uploads\/2024\/10\/16.png 1920w\" sizes=\"(max-width: 1024px) 100vw, 1024px\" \/><\/figure><\/div>\n\n\n<div style=\"height:40px\" aria-hidden=\"true\" class=\"wp-block-spacer\"><\/div>\n\n\n\n<p>Neste Guia passo-a-passo, mostramos como pode criar um Artigo e um Armaz\u00e9m no WebClient do SAP Business One. Descarregue j\u00e1 gratuitamente!<\/p>\n\n\n\n<div class=\"wp-block-buttons is-layout-flex\">\n<div class=\"wp-block-button\"><a class=\"wp-block-button__link wp-element-button\" href=\"https:\/\/sharpthinkit.com\/wp-content\/uploads\/2024\/10\/Webclient-Artigo-e-Armazem.pdf\" target=\"_blank\" rel=\"noreferrer noopener\">Quero o Guia<\/a><\/div>\n<\/div>\n\n<\/div>\n<\/div><\/div><\/div>\n\n<\/div>\n<\/div>\n<\/div>","protected":false},"excerpt":{"rendered":"<p>Free Resources Guia | Fatura de Cliente Neste Guia passo-a-passo, mostramos como pode criar uma Fatura no WebClient do SAP Business One. Descarregue j\u00e1 gratuitamente! Guia | Compra, Rece\u00e7\u00e3o e Fatura Neste Guia passo-a-passo, mostramos como pode criar uma Ordem de Compra, uma Rece\u00e7\u00e3o de Mercadoria e uma Fatura de Fornecedor no WebClient do SAP &#8230; <\/p>\n<p class=\"read-more-container\"><a title=\"Recursos Gratuitos\" class=\"read-more button\" href=\"https:\/\/sharpthinkit.com\/pt\/recursos-gratuitos\/#more-5424\" aria-label=\"Leia mais sobre Free Resources\">Ler mais<\/a><\/p>","protected":false},"author":4,"featured_media":0,"parent":0,"menu_order":0,"comment_status":"closed","ping_status":"closed","template":"","meta":{"inline_featured_image":false},"yoast_head":"<!-- This site is optimized with the Yoast SEO plugin v20.12 - https:\/\/yoast.com\/wordpress\/plugins\/seo\/ -->\n<title>Free Resources | SharpthinkIT<\/title>\n<meta name=\"description\" content=\"Descubra os nossos Recursos Gratuitos sobre SAP, Marketing, Transportes e muito mais! Eleve a sua empresa com os nossos conte\u00fados!\" \/>\n<meta name=\"robots\" content=\"index, follow, max-snippet:-1, max-image-preview:large, max-video-preview:-1\" \/>\n<link rel=\"canonical\" href=\"https:\/\/sharpthinkit.com\/pt\/recursos-gratuitos\/\" \/>\n<meta property=\"og:locale\" content=\"pt_PT\" \/>\n<meta property=\"og:type\" content=\"article\" \/>\n<meta property=\"og:title\" content=\"Free Resources | SharpthinkIT\" \/>\n<meta property=\"og:description\" content=\"Descubra os nossos Recursos Gratuitos sobre SAP, Marketing, Transportes e muito mais! Eleve a sua empresa com os nossos conte\u00fados!\" \/>\n<meta property=\"og:url\" content=\"https:\/\/sharpthinkit.com\/pt\/recursos-gratuitos\/\" \/>\n<meta property=\"og:site_name\" content=\"SharpthinkIT\" \/>\n<meta property=\"article:publisher\" content=\"https:\/\/www.facebook.com\/sharpthinkit\" \/>\n<meta property=\"article:modified_time\" content=\"2024-10-11T16:20:09+00:00\" \/>\n<meta property=\"og:image\" content=\"https:\/\/sharpthinkit.com\/wp-content\/uploads\/2024\/09\/Faturas-WebClient-1024x576.png\" \/>\n<meta name=\"twitter:card\" content=\"summary_large_image\" \/>\n<script type=\"application\/ld+json\" class=\"yoast-schema-graph\">{\"@context\":\"https:\/\/schema.org\",\"@graph\":[{\"@type\":\"WebPage\",\"@id\":\"https:\/\/sharpthinkit.com\/recursos-gratuitos\/\",\"url\":\"https:\/\/sharpthinkit.com\/recursos-gratuitos\/\",\"name\":\"Free Resources | SharpthinkIT\",\"isPartOf\":{\"@id\":\"https:\/\/sharpthinkit.com\/#website\"},\"datePublished\":\"2023-11-06T17:33:48+00:00\",\"dateModified\":\"2024-10-11T16:20:09+00:00\",\"description\":\"Descubra os nossos Recursos Gratuitos sobre SAP, Marketing, Transportes e muito mais! Eleve a sua empresa com os nossos conte\u00fados!\",\"breadcrumb\":{\"@id\":\"https:\/\/sharpthinkit.com\/recursos-gratuitos\/#breadcrumb\"},\"inLanguage\":\"pt-PT\",\"potentialAction\":[{\"@type\":\"ReadAction\",\"target\":[\"https:\/\/sharpthinkit.com\/recursos-gratuitos\/\"]}]},{\"@type\":\"BreadcrumbList\",\"@id\":\"https:\/\/sharpthinkit.com\/recursos-gratuitos\/#breadcrumb\",\"itemListElement\":[{\"@type\":\"ListItem\",\"position\":1,\"name\":\"Home\",\"item\":\"https:\/\/sharpthinkit.com\/\"},{\"@type\":\"ListItem\",\"position\":2,\"name\":\"Free Resources\"}]},{\"@type\":\"WebSite\",\"@id\":\"https:\/\/sharpthinkit.com\/#website\",\"url\":\"https:\/\/sharpthinkit.com\/\",\"name\":\"SharpthinkIT\",\"description\":\"Specialists in the SAP Business One ERP management software\",\"publisher\":{\"@id\":\"https:\/\/sharpthinkit.com\/#organization\"},\"potentialAction\":[{\"@type\":\"SearchAction\",\"target\":{\"@type\":\"EntryPoint\",\"urlTemplate\":\"https:\/\/sharpthinkit.com\/?s={search_term_string}\"},\"query-input\":\"required name=search_term_string\"}],\"inLanguage\":\"pt-PT\"},{\"@type\":\"Organization\",\"@id\":\"https:\/\/sharpthinkit.com\/#organization\",\"name\":\"Sharpthinkit\",\"url\":\"https:\/\/sharpthinkit.com\/\",\"logo\":{\"@type\":\"ImageObject\",\"inLanguage\":\"pt-PT\",\"@id\":\"https:\/\/sharpthinkit.com\/#\/schema\/logo\/image\/\",\"url\":\"https:\/\/sharpthinkit.com\/wp-content\/uploads\/2023\/03\/logo-sharpthinkit.svg\",\"contentUrl\":\"https:\/\/sharpthinkit.com\/wp-content\/uploads\/2023\/03\/logo-sharpthinkit.svg\",\"caption\":\"Sharpthinkit\"},\"image\":{\"@id\":\"https:\/\/sharpthinkit.com\/#\/schema\/logo\/image\/\"},\"sameAs\":[\"https:\/\/www.facebook.com\/sharpthinkit\",\"https:\/\/www.linkedin.com\/company\/sharpthinkit\/\",\"https:\/\/www.instagram.com\/sharpthinkit\/\"]}]}<\/script>\n<!-- \/ Yoast SEO plugin. -->","yoast_head_json":{"title":"Free Resources | SharpthinkIT","description":"Descubra os nossos Recursos Gratuitos sobre SAP, Marketing, Transportes e muito mais! Eleve a sua empresa com os nossos conte\u00fados!","robots":{"index":"index","follow":"follow","max-snippet":"max-snippet:-1","max-image-preview":"max-image-preview:large","max-video-preview":"max-video-preview:-1"},"canonical":"https:\/\/sharpthinkit.com\/pt\/recursos-gratuitos\/","og_locale":"pt_PT","og_type":"article","og_title":"Free Resources | SharpthinkIT","og_description":"Descubra os nossos Recursos Gratuitos sobre SAP, Marketing, Transportes e muito mais! Eleve a sua empresa com os nossos conte\u00fados!","og_url":"https:\/\/sharpthinkit.com\/pt\/recursos-gratuitos\/","og_site_name":"SharpthinkIT","article_publisher":"https:\/\/www.facebook.com\/sharpthinkit","article_modified_time":"2024-10-11T16:20:09+00:00","og_image":[{"url":"https:\/\/sharpthinkit.com\/wp-content\/uploads\/2024\/09\/Faturas-WebClient-1024x576.png"}],"twitter_card":"summary_large_image","schema":{"@context":"https:\/\/schema.org","@graph":[{"@type":"WebPage","@id":"https:\/\/sharpthinkit.com\/recursos-gratuitos\/","url":"https:\/\/sharpthinkit.com\/recursos-gratuitos\/","name":"Free Resources | SharpthinkIT","isPartOf":{"@id":"https:\/\/sharpthinkit.com\/#website"},"datePublished":"2023-11-06T17:33:48+00:00","dateModified":"2024-10-11T16:20:09+00:00","description":"Descubra os nossos Recursos Gratuitos sobre SAP, Marketing, Transportes e muito mais! Eleve a sua empresa com os nossos conte\u00fados!","breadcrumb":{"@id":"https:\/\/sharpthinkit.com\/recursos-gratuitos\/#breadcrumb"},"inLanguage":"pt-PT","potentialAction":[{"@type":"ReadAction","target":["https:\/\/sharpthinkit.com\/recursos-gratuitos\/"]}]},{"@type":"BreadcrumbList","@id":"https:\/\/sharpthinkit.com\/recursos-gratuitos\/#breadcrumb","itemListElement":[{"@type":"ListItem","position":1,"name":"Home","item":"https:\/\/sharpthinkit.com\/"},{"@type":"ListItem","position":2,"name":"Free Resources"}]},{"@type":"WebSite","@id":"https:\/\/sharpthinkit.com\/#website","url":"https:\/\/sharpthinkit.com\/","name":"SharpthinkIT","description":"Specialists in the SAP Business One ERP management software","publisher":{"@id":"https:\/\/sharpthinkit.com\/#organization"},"potentialAction":[{"@type":"SearchAction","target":{"@type":"EntryPoint","urlTemplate":"https:\/\/sharpthinkit.com\/?s={search_term_string}"},"query-input":"required name=search_term_string"}],"inLanguage":"pt-PT"},{"@type":"Organization","@id":"https:\/\/sharpthinkit.com\/#organization","name":"Sharpthinkit","url":"https:\/\/sharpthinkit.com\/","logo":{"@type":"ImageObject","inLanguage":"pt-PT","@id":"https:\/\/sharpthinkit.com\/#\/schema\/logo\/image\/","url":"https:\/\/sharpthinkit.com\/wp-content\/uploads\/2023\/03\/logo-sharpthinkit.svg","contentUrl":"https:\/\/sharpthinkit.com\/wp-content\/uploads\/2023\/03\/logo-sharpthinkit.svg","caption":"Sharpthinkit"},"image":{"@id":"https:\/\/sharpthinkit.com\/#\/schema\/logo\/image\/"},"sameAs":["https:\/\/www.facebook.com\/sharpthinkit","https:\/\/www.linkedin.com\/company\/sharpthinkit\/","https:\/\/www.instagram.com\/sharpthinkit\/"]}]}},"_links":{"self":[{"href":"https:\/\/sharpthinkit.com\/pt\/wp-json\/wp\/v2\/pages\/5424"}],"collection":[{"href":"https:\/\/sharpthinkit.com\/pt\/wp-json\/wp\/v2\/pages"}],"about":[{"href":"https:\/\/sharpthinkit.com\/pt\/wp-json\/wp\/v2\/types\/page"}],"author":[{"embeddable":true,"href":"https:\/\/sharpthinkit.com\/pt\/wp-json\/wp\/v2\/users\/4"}],"replies":[{"embeddable":true,"href":"https:\/\/sharpthinkit.com\/pt\/wp-json\/wp\/v2\/comments?post=5424"}],"version-history":[{"count":5,"href":"https:\/\/sharpthinkit.com\/pt\/wp-json\/wp\/v2\/pages\/5424\/revisions"}],"predecessor-version":[{"id":9188,"href":"https:\/\/sharpthinkit.com\/pt\/wp-json\/wp\/v2\/pages\/5424\/revisions\/9188"}],"wp:attachment":[{"href":"https:\/\/sharpthinkit.com\/pt\/wp-json\/wp\/v2\/media?parent=5424"}],"curies":[{"name":"wp","href":"https:\/\/api.w.org\/{rel}","templated":true}]}}