{"id":2896,"date":"2023-03-03T11:41:11","date_gmt":"2023-03-03T11:41:11","guid":{"rendered":"https:\/\/sharpthinkit.com\/?page_id=2896"},"modified":"2025-04-29T17:11:46","modified_gmt":"2025-04-29T16:11:46","slug":"sap-business-one-starter-package","status":"publish","type":"page","link":"https:\/\/sharpthinkit.com\/pt\/sap-business-one-starter-package\/","title":{"rendered":"SAP Business One Starter Package"},"content":{"rendered":"<style>\n\/*@media (min-width: 769px){\n.site-header{\nposition: relative;\n}\n}*\/\n#features h3, #why-choose h3{\npadding-top: 1%;\n}\n<\/style>\n\n\n<section class=\"gb-container gb-container-3031c1c5\">\n<div class=\"wp-block-image\">\n<figure class=\"aligncenter size-large is-resized\"><img decoding=\"async\" src=\"https:\/\/sharpthinkit.com\/wp-content\/uploads\/2025\/04\/SAP_BusinessOne_R_grad_wht-1024x136.png\" alt=\"\" class=\"wp-image-11447\" width=\"512\" height=\"68\" srcset=\"https:\/\/sharpthinkit.com\/wp-content\/uploads\/2025\/04\/SAP_BusinessOne_R_grad_wht-1024x136.png 1024w, https:\/\/sharpthinkit.com\/wp-content\/uploads\/2025\/04\/SAP_BusinessOne_R_grad_wht-300x40.png 300w, https:\/\/sharpthinkit.com\/wp-content\/uploads\/2025\/04\/SAP_BusinessOne_R_grad_wht-768x102.png 768w, https:\/\/sharpthinkit.com\/wp-content\/uploads\/2025\/04\/SAP_BusinessOne_R_grad_wht-1536x205.png 1536w, https:\/\/sharpthinkit.com\/wp-content\/uploads\/2025\/04\/SAP_BusinessOne_R_grad_wht-2048x273.png 2048w, https:\/\/sharpthinkit.com\/wp-content\/uploads\/2025\/04\/SAP_BusinessOne_R_grad_wht-18x2.png 18w\" sizes=\"(max-width: 512px) 100vw, 512px\" \/><\/figure><\/div>\n\n\n<div style=\"height:22px\" aria-hidden=\"true\" class=\"wp-block-spacer\"><\/div>\n\n\n<div class=\"gb-container gb-container-a320d1da\">\n<div class=\"gb-grid-wrapper gb-grid-wrapper-56844ad3\">\n<div class=\"gb-grid-column gb-grid-column-7f911ca7\"><div class=\"gb-container gb-container-7f911ca7\">\n\n<h1 class=\"gb-headline gb-headline-2a9444fd gb-headline-text\"><span class=\"sit-underline\">Starter Package<\/span><\/h1>\n\n\n\n<p class=\"gb-headline gb-headline-3c28bb93 gb-headline-text translation-block\">O SAP Business One Starter Package foi desenvolvido para ser <span class=\"sit-underline\">simples<\/span>, <span class=\"sit-underline\">r\u00e1pido<\/span> e <span class=\"sit-underline\">f\u00e1cil<\/span> de implementar.<\/p>\n\n\n\n<p class=\"gb-headline gb-headline-41a2aeae gb-headline-text\">\u00c9 um <em>package<\/em> de SAP Business One implementado em ambiente cloud, com todas as funcionalidades essenciais para gerir o seu neg\u00f3cio.<\/p>\n\n\n\n<p class=\"gb-headline gb-headline-7db478d6 gb-headline-text\">Implementa\u00e7\u00e3o em apenas 1 a 2 semanas! \ud83d\ude80<\/p>\n\n\n<div class=\"gb-button-wrapper gb-button-wrapper-c218ab79\">\n\n<a class=\"gb-button gb-button-18c21ef2\" href=\"#cta\"><span class=\"gb-button-text\">Quero saber mais<\/span><span class=\"gb-icon\"><svg aria-hidden=\"true\" role=\"img\" height=\"1em\" width=\"1em\" viewbox=\"0 0 256 512\" xmlns=\"http:\/\/www.w3.org\/2000\/svg\"><path fill=\"currentColor\" d=\"M224.3 273l-136 136c-9.4 9.4-24.6 9.4-33.9 0l-22.6-22.6c-9.4-9.4-9.4-24.6 0-33.9l96.4-96.4-96.4-96.4c-9.4-9.4-9.4-24.6 0-33.9L54.3 103c9.4-9.4 24.6-9.4 33.9 0l136 136c9.5 9.4 9.5 24.6.1 34z\"><\/path><\/svg><\/span><\/a>\n\n<\/div>\n<\/div><\/div>\n<\/div>\n<\/div>\n<\/section>\n\n<section class=\"gb-container gb-container-5fbe61a1\" id=\"cta\">\n<div class=\"gb-container gb-container-27c2885d\">\n\n<h2 class=\"gb-headline gb-headline-9a11b803 gb-headline-text\">Cres\u00e7a, Da Forma Certa \u2705<\/h2>\n\n\n\n<div class=\"gb-headline gb-headline-58f46cc5 gb-headline-text translation-block\">O software SAP nunca esteve t\u00e3o acess\u00edvel \u00e0s pequenas e m\u00e9dias empresas. O Starter Package tem as principais funcionalidades do <a href=\"https:\/\/sharpthinkit.com\/pt\/sap-business-one\/\" target=\"_self\">SAP Business One<\/a> a um pre\u00e7o mais acess\u00edvel e com um tempo de implementa\u00e7\u00e3o  muito mais r\u00e1pido.<\/div>\n\n\n\n<div class=\"gb-headline gb-headline-49d31848 gb-headline-text\">Parte do SAP Business One, o Starter Package \u00e9 um software de gest\u00e3o empresarial (ERP) que permite uma gest\u00e3o \u00e1gil do seu neg\u00f3cio, poupando-lhe tempo, dinheiro e facilitando um crescimento sustent\u00e1vel. \ud83d\udcc8<\/div>\n\n\n\n<div class=\"gb-headline gb-headline-420a54ea gb-headline-text\">Obtenha acesso a dados em tempo real e crie dashboards personalizados para tornar a sua gest\u00e3o mais f\u00e1cil. O SAP Business One Starter Package permite <strong>at\u00e9 5 utilizadores,<\/strong> a partir de apenas 75\u20ac por m\u00eas!<\/div>\n\n<\/div>\n<div class=\"gb-shapes\"><div class=\"gb-shape gb-shape-1\"><svg xmlns=\"http:\/\/www.w3.org\/2000\/svg\" viewbox=\"0 0 1200 194.3\" preserveaspectratio=\"none\"><path d=\"M1200 133.3l-50 8.9c-50 8.6-150 26.9-250 31.1-100 4.2-200-4.2-300-26.7S400 89.2 300 62.2C200 35.8 100 17.5 50 8.9L0 0v194.3h1200v-61z\"\/><\/svg><\/div><\/div><\/section>\n\n<section class=\"gb-container gb-container-94bd5110\" id=\"why-choose\">\n<div class=\"gb-container gb-container-d5694b14\">\n\n<h2 class=\"gb-headline gb-headline-33523217 gb-headline-text\">Porqu\u00ea escolher o Starter Package?<\/h2>\n\n\n<div class=\"gb-container gb-container-e5464992\">\n<div class=\"gb-grid-wrapper gb-grid-wrapper-ffbd3e3b\">\n<div class=\"gb-grid-column gb-grid-column-c195138b\"><div class=\"gb-container gb-container-c195138b\"><div class=\"gb-inside-container\">\n\n<figure class=\"gb-block-image gb-block-image-42b2d1ba\"><img decoding=\"async\"  class=\"gb-image gb-image-42b2d1ba sit-icon\" src=\"https:\/\/sharpthinkit.com\/wp-content\/uploads\/2023\/02\/hand-holding-dollar-solid-red.svg\" alt=\"Customer Relationship Management (CRM)\"\/><\/figure>\n\n\n\n<h3 class=\"gb-headline gb-headline-4f75e965 gb-headline-text\">Mais Acess\u00edvel<\/h3>\n\n\n\n<div class=\"gb-headline gb-headline-4bb34ce1 gb-headline-text\">O pre\u00e7o por utilizador come\u00e7a nos 75\u20ac por m\u00eas e pode ter at\u00e9 5 utilizadores.<\/div>\n\n\n\n<div class=\"gb-headline gb-headline-5bcc0909 gb-headline-text\">*Tempo m\u00ednimo de contrato de 12 meses.<\/div>\n\n<\/div><\/div><\/div>\n\n<div class=\"gb-grid-column gb-grid-column-001aea6a\"><div class=\"gb-container gb-container-001aea6a\"><div class=\"gb-inside-container\">\n\n<figure class=\"gb-block-image gb-block-image-20462ed1\"><img decoding=\"async\"  class=\"gb-image gb-image-20462ed1 sit-icon\" src=\"https:\/\/sharpthinkit.com\/wp-content\/uploads\/2023\/02\/calendar-days-solid-red.svg\" alt=\"Project management\"\/><\/figure>\n\n\n\n<h3 class=\"gb-headline gb-headline-ab9001b0 gb-headline-text\">Implementa\u00e7\u00e3o R\u00e1pida<\/h3>\n\n\n\n<div class=\"gb-headline gb-headline-c4fb01e1 gb-headline-text\">Como \u00e9 um <em>package<\/em> alojado na cloud, pode ter o seu ERP a funcionar entre 1 a 2 semanas!<\/div>\n\n<\/div><\/div><\/div>\n\n<div class=\"gb-grid-column gb-grid-column-eddfa912\"><div class=\"gb-container gb-container-eddfa912\"><div class=\"gb-inside-container\">\n\n<figure class=\"gb-block-image gb-block-image-15293110\"><img decoding=\"async\"  class=\"gb-image gb-image-15293110 sit-icon\" src=\"https:\/\/sharpthinkit.com\/wp-content\/uploads\/2023\/03\/graduation-cap-solid-red.svg\" alt=\"Training\"\/><\/figure>\n\n\n\n<h3 class=\"gb-headline gb-headline-657bea4b gb-headline-text\">Instala\u00e7\u00e3o e Forma\u00e7\u00e3o Inclu\u00eddos<\/h3>\n\n\n\n<div class=\"gb-headline gb-headline-4973df27 gb-headline-text\">Iremos providenciar toda a forma\u00e7\u00e3o necess\u00e1ria \u00e0 sua equipa para que use corretamente a solu\u00e7\u00e3o.<\/div>\n\n<\/div><\/div><\/div>\n<\/div>\n<\/div>\n\n\n<p class=\"gb-headline gb-headline-87d97e6d gb-headline-text\">\ud83d\udca1 Vamos come\u00e7ar? <\/p>\n\n\n<div class=\"gb-button-wrapper gb-button-wrapper-35e86722\">\n\n<a class=\"gb-button gb-button-bd589295\" href=\"https:\/\/sharpthinkit.com\/pt\/demo-starter-package\/\"><span class=\"gb-button-text\">Agendar demo<\/span><span class=\"gb-icon\"><svg aria-hidden=\"true\" role=\"img\" height=\"1em\" width=\"1em\" viewbox=\"0 0 256 512\" xmlns=\"http:\/\/www.w3.org\/2000\/svg\"><path fill=\"currentColor\" d=\"M224.3 273l-136 136c-9.4 9.4-24.6 9.4-33.9 0l-22.6-22.6c-9.4-9.4-9.4-24.6 0-33.9l96.4-96.4-96.4-96.4c-9.4-9.4-9.4-24.6 0-33.9L54.3 103c9.4-9.4 24.6-9.4 33.9 0l136 136c9.5 9.4 9.5 24.6.1 34z\"><\/path><\/svg><\/span><\/a>\n\n<\/div>\n<\/div>\n<div class=\"gb-shapes\"><div class=\"gb-shape gb-shape-1\"><svg xmlns=\"http:\/\/www.w3.org\/2000\/svg\" viewbox=\"0 0 1200 194.3\" preserveaspectratio=\"none\"><path d=\"M1200 133.3l-50 8.9c-50 8.6-150 26.9-250 31.1-100 4.2-200-4.2-300-26.7S400 89.2 300 62.2C200 35.8 100 17.5 50 8.9L0 0v194.3h1200v-61z\"\/><\/svg><\/div><\/div><\/section>\n\n<section class=\"gb-container gb-container-33c9dfe2\" id=\"features\">\n<div class=\"gb-container gb-container-724628af\">\n\n<h2 class=\"gb-headline gb-headline-af509faa gb-headline-text\">Funcionalidades do SAP Business One Starter Package<\/h2>\n\n\n<div class=\"gb-container gb-container-4b8e2aed\">\n<div class=\"gb-grid-wrapper gb-grid-wrapper-536ae8e9\">\n<div class=\"gb-grid-column gb-grid-column-1bb3bdf4\"><div class=\"gb-container gb-container-1bb3bdf4\"><div class=\"gb-inside-container\">\n\n<figure class=\"gb-block-image gb-block-image-5c70efe3\"><img decoding=\"async\"  class=\"gb-image gb-image-5c70efe3\" src=\"https:\/\/sharpthinkit.com\/wp-content\/uploads\/2023\/03\/sack-dollar-solid-red.svg\" alt=\"Accounting and Banking\"\/><\/figure>\n\n\n\n<h3 class=\"gb-headline gb-headline-d162df31 gb-headline-text\">Contabilidade e Finan\u00e7as<\/h3>\n\n<\/div><\/div><\/div>\n\n<div class=\"gb-grid-column gb-grid-column-625547bc\"><div class=\"gb-container gb-container-625547bc\"><div class=\"gb-inside-container\">\n\n<figure class=\"gb-block-image gb-block-image-6c2a7bae\"><img decoding=\"async\"  class=\"gb-image gb-image-6c2a7bae sit-icon\" src=\"https:\/\/sharpthinkit.com\/wp-content\/uploads\/2023\/03\/handshake-angle-solid-red.svg\" alt=\"Sales and CRM\"\/><\/figure>\n\n\n\n<h3 class=\"gb-headline gb-headline-7f7f6758 gb-headline-text\">Vendas e CRM<\/h3>\n\n<\/div><\/div><\/div>\n\n<div class=\"gb-grid-column gb-grid-column-c9f7f72a\"><div class=\"gb-container gb-container-c9f7f72a\"><div class=\"gb-inside-container\">\n\n<figure class=\"gb-block-image gb-block-image-8d249f50\"><img decoding=\"async\"  class=\"gb-image gb-image-8d249f50 sit-icon\" src=\"https:\/\/sharpthinkit.com\/wp-content\/uploads\/2023\/03\/cubes-stacked-solid-red.svg\" alt=\"Inventory and stock\"\/><\/figure>\n\n\n\n<h3 class=\"gb-headline gb-headline-0a7f9f73 gb-headline-text\">Invent\u00e1rio e Stocks<\/h3>\n\n<\/div><\/div><\/div>\n\n<div class=\"gb-grid-column gb-grid-column-bfc9ab74\"><div class=\"gb-container gb-container-bfc9ab74\"><div class=\"gb-inside-container\">\n\n<figure class=\"gb-block-image gb-block-image-8af97784\"><img decoding=\"async\"  class=\"gb-image gb-image-8af97784 sit-icon\" src=\"https:\/\/sharpthinkit.com\/wp-content\/uploads\/2023\/02\/grafico-solid-red.svg\" alt=\"Data analytics\"\/><\/figure>\n\n\n\n<h3 class=\"gb-headline gb-headline-734e6309 gb-headline-text\">Analytics e Dashboards<\/h3>\n\n<\/div><\/div><\/div>\n\n<div class=\"gb-grid-column gb-grid-column-663338cb\"><div class=\"gb-container gb-container-663338cb\"><div class=\"gb-inside-container\">\n\n<figure class=\"gb-block-image gb-block-image-b54b202a\"><img decoding=\"async\"  class=\"gb-image gb-image-b54b202a sit-icon\" src=\"https:\/\/sharpthinkit.com\/wp-content\/uploads\/2023\/02\/hand-holding-dollar-solid-red.svg\" alt=\"\"\/><\/figure>\n\n\n\n<h3 class=\"gb-headline gb-headline-7a71bcdf gb-headline-text\">Custos de Opera\u00e7\u00e3o Baixos<\/h3>\n\n<\/div><\/div><\/div>\n\n<div class=\"gb-grid-column gb-grid-column-c82ab8a7\"><div class=\"gb-container gb-container-c82ab8a7\"><div class=\"gb-inside-container\">\n\n<figure class=\"gb-block-image gb-block-image-39ec6410\"><img decoding=\"async\"  class=\"gb-image gb-image-39ec6410 sit-icon\" src=\"https:\/\/sharpthinkit.com\/wp-content\/uploads\/2023\/03\/roi-trend-up-solid-red.svg\" alt=\"Return on Investment\"\/><\/figure>\n\n\n\n<h3 class=\"gb-headline gb-headline-6ac6e07e gb-headline-text\">R\u00e1pido Retorno sobre O Investimento (ROI)<\/h3>\n\n<\/div><\/div><\/div>\n\n<div class=\"gb-grid-column gb-grid-column-5a3e26cb\"><div class=\"gb-container gb-container-5a3e26cb\"><div class=\"gb-inside-container\">\n\n<figure class=\"gb-block-image gb-block-image-0f805052\"><img decoding=\"async\"  class=\"gb-image gb-image-0f805052 sit-icon\" src=\"https:\/\/sharpthinkit.com\/wp-content\/uploads\/2023\/03\/arrow-trend-up-solid-red.svg\" alt=\"Scalable\"\/><\/figure>\n\n\n\n<h3 class=\"gb-headline gb-headline-6b46db5b gb-headline-text\">Facilmente Escal\u00e1vel<\/h3>\n\n<\/div><\/div><\/div>\n\n<div class=\"gb-grid-column gb-grid-column-1593ab6d\"><div class=\"gb-container gb-container-1593ab6d\"><div class=\"gb-inside-container\">\n\n<figure class=\"gb-block-image gb-block-image-8020ada2\"><img decoding=\"async\"  class=\"gb-image gb-image-8020ada2 sit-icon\" src=\"https:\/\/sharpthinkit.com\/wp-content\/uploads\/2023\/03\/play-solid-red.svg\" alt=\"Ready and easy to use\"\/><\/figure>\n\n\n\n<h3 class=\"gb-headline gb-headline-8bd3a845 gb-headline-text\">F\u00e1cil de Usar<\/h3>\n\n<\/div><\/div><\/div>\n<\/div>\n<\/div>\n\n<div class=\"gb-container gb-container-6ff4215c\">\n\n<h2 class=\"gb-headline gb-headline-aebfd248 gb-headline-text\">Implementa\u00e7\u00e3o do SAP Business One<\/h2>\n\n\n<div class=\"gb-container gb-container-55bbae8f\">\n<div class=\"gb-container gb-container-161c92f1\">\n<div class=\"gb-grid-wrapper gb-grid-wrapper-2eed86e9\">\n<div class=\"gb-grid-column gb-grid-column-b31a4aa7\"><div class=\"gb-container gb-container-b31a4aa7\"><div class=\"gb-inside-container\">\n\n<figure class=\"wp-block-image size-large sit-icon\"><img decoding=\"async\" width=\"4500\" height=\"3375\" src=\"https:\/\/sharpthinkit.com\/wp-content\/uploads\/2023\/09\/SAP-Business-One-Cloud-01-edited.png\" alt=\"\" class=\"wp-image-5289\" srcset=\"https:\/\/sharpthinkit.com\/wp-content\/uploads\/2023\/09\/SAP-Business-One-Cloud-01-edited.png 4500w, https:\/\/sharpthinkit.com\/wp-content\/uploads\/2023\/09\/SAP-Business-One-Cloud-01-edited-300x225.png 300w, https:\/\/sharpthinkit.com\/wp-content\/uploads\/2023\/09\/SAP-Business-One-Cloud-01-edited-1024x768.png 1024w, https:\/\/sharpthinkit.com\/wp-content\/uploads\/2023\/09\/SAP-Business-One-Cloud-01-edited-768x576.png 768w, https:\/\/sharpthinkit.com\/wp-content\/uploads\/2023\/09\/SAP-Business-One-Cloud-01-edited-1536x1152.png 1536w, https:\/\/sharpthinkit.com\/wp-content\/uploads\/2023\/09\/SAP-Business-One-Cloud-01-edited-2048x1536.png 2048w, https:\/\/sharpthinkit.com\/wp-content\/uploads\/2023\/09\/SAP-Business-One-Cloud-01-edited-16x12.png 16w\" sizes=\"(max-width: 4500px) 100vw, 4500px\" \/><\/figure>\n\n\n\n<h3 class=\"gb-headline gb-headline-5a5f0587 gb-headline-text\">Cloud<\/h3>\n\n\n\n<p class=\"gb-headline gb-headline-e9ad9ad4 gb-headline-text\">Pode adquirir o SAP Business One como um Software-as-a-Service (Saas), alojado num ambiente cloud facilmente escal\u00e1vel, seguro, eficiente e ambientalmente sustent\u00e1vel.<\/p>\n\n<\/div><\/div><\/div>\n\n<div class=\"gb-grid-column gb-grid-column-c8f454d8\"><div class=\"gb-container gb-container-c8f454d8\"><div class=\"gb-inside-container\">\n\n<figure class=\"wp-block-image size-large sit-icon\"><img decoding=\"async\" width=\"4500\" height=\"3375\" src=\"https:\/\/sharpthinkit.com\/wp-content\/uploads\/2023\/09\/SAP-Business-One-On-Premise-02-edited.png\" alt=\"\" class=\"wp-image-5288\" srcset=\"https:\/\/sharpthinkit.com\/wp-content\/uploads\/2023\/09\/SAP-Business-One-On-Premise-02-edited.png 4500w, https:\/\/sharpthinkit.com\/wp-content\/uploads\/2023\/09\/SAP-Business-One-On-Premise-02-edited-300x225.png 300w, https:\/\/sharpthinkit.com\/wp-content\/uploads\/2023\/09\/SAP-Business-One-On-Premise-02-edited-1024x768.png 1024w, https:\/\/sharpthinkit.com\/wp-content\/uploads\/2023\/09\/SAP-Business-One-On-Premise-02-edited-768x576.png 768w, https:\/\/sharpthinkit.com\/wp-content\/uploads\/2023\/09\/SAP-Business-One-On-Premise-02-edited-1536x1152.png 1536w, https:\/\/sharpthinkit.com\/wp-content\/uploads\/2023\/09\/SAP-Business-One-On-Premise-02-edited-2048x1536.png 2048w, https:\/\/sharpthinkit.com\/wp-content\/uploads\/2023\/09\/SAP-Business-One-On-Premise-02-edited-16x12.png 16w\" sizes=\"(max-width: 4500px) 100vw, 4500px\" \/><\/figure>\n\n\n\n<h3 class=\"gb-headline gb-headline-d1846afd gb-headline-text\">On premise<\/h3>\n\n\n\n<p class=\"gb-headline gb-headline-f785a9ca gb-headline-text\">Aloje o SAP Business One nos seus pr\u00f3prios servidores e obtenha o controlo total. As licen\u00e7as on premise s\u00e3o diferentes das licen\u00e7as cloud e os nossos especialistas ir\u00e3o ajud\u00e1-lo(a) a decidir qual \u00e9 a melhor op\u00e7\u00e3o para si.<\/p>\n\n<\/div><\/div><\/div>\n<\/div>\n<\/div>\n<\/div>\n\n\n<p class=\"gb-headline gb-headline-87d97e6d gb-headline-text translation-block\"><span class=\"sit-underline-2\">Todos<\/span> come\u00e7amos em pequeno. Tome a decis\u00e3o certa e <span class=\"sit-underline-2\">cres\u00e7a<\/span> mais depressa! \ud83e\udd47<\/p>\n\n\n<div class=\"gb-button-wrapper gb-button-wrapper-35e86722\">\n\n<a class=\"gb-button gb-button-bd589295\" href=\"https:\/\/sharpthinkit.com\/pt\/demo-starter-package\/\"><span class=\"gb-button-text\">Quero agendar demo<\/span><span class=\"gb-icon\"><svg aria-hidden=\"true\" role=\"img\" height=\"1em\" width=\"1em\" viewbox=\"0 0 256 512\" xmlns=\"http:\/\/www.w3.org\/2000\/svg\"><path fill=\"currentColor\" d=\"M224.3 273l-136 136c-9.4 9.4-24.6 9.4-33.9 0l-22.6-22.6c-9.4-9.4-9.4-24.6 0-33.9l96.4-96.4-96.4-96.4c-9.4-9.4-9.4-24.6 0-33.9L54.3 103c9.4-9.4 24.6-9.4 33.9 0l136 136c9.5 9.4 9.5 24.6.1 34z\"><\/path><\/svg><\/span><\/a>\n\n<\/div>\n<\/div>\n<\/div>\n<\/section>","protected":false},"excerpt":{"rendered":"<p>Start Growing, The Right Way \u2705 SAP software has never been so accessible to small and medium businesses. The Starter Package provides you with the main SAP Business One features at a more affordable price and with a much faster implementation time. As &#8220;it&#8217;s parent&#8221;, the Starter Package its an enterprise resource planning software (ERP) &#8230; <\/p>\n<p class=\"read-more-container\"><a title=\"SAP Business One Starter Package\" class=\"read-more button\" href=\"https:\/\/sharpthinkit.com\/pt\/sap-business-one-starter-package\/#more-2896\" aria-label=\"Leia mais sobre SAP Business One Starter Package\">Ler mais<\/a><\/p>","protected":false},"author":3,"featured_media":0,"parent":0,"menu_order":0,"comment_status":"closed","ping_status":"closed","template":"","meta":{"inline_featured_image":false},"yoast_head":"<!-- This site is optimized with the Yoast SEO plugin v20.12 - https:\/\/yoast.com\/wordpress\/plugins\/seo\/ -->\n<title>SharpthinkIT | SAP Business One<\/title>\n<meta name=\"description\" content=\"SAP Business One Starter Package is an essentials version of the world recognized SME ERP software SAP Business One. Click to know more!\" \/>\n<meta name=\"robots\" content=\"index, follow, max-snippet:-1, max-image-preview:large, max-video-preview:-1\" \/>\n<link rel=\"canonical\" href=\"https:\/\/sharpthinkit.com\/pt\/sap-business-one-starter-package\/\" \/>\n<meta property=\"og:locale\" content=\"pt_PT\" \/>\n<meta property=\"og:type\" content=\"article\" \/>\n<meta property=\"og:title\" content=\"SharpthinkIT | SAP Business One\" \/>\n<meta property=\"og:description\" content=\"SAP Business One Starter Package is an essentials version of the world recognized SME ERP software SAP Business One. Click to know more!\" \/>\n<meta property=\"og:url\" content=\"https:\/\/sharpthinkit.com\/pt\/sap-business-one-starter-package\/\" \/>\n<meta property=\"og:site_name\" content=\"SharpthinkIT\" \/>\n<meta property=\"article:publisher\" content=\"https:\/\/www.facebook.com\/sharpthinkit\" \/>\n<meta property=\"article:modified_time\" content=\"2025-04-29T16:11:46+00:00\" \/>\n<meta property=\"og:image\" content=\"https:\/\/sharpthinkit.com\/wp-content\/uploads\/2025\/04\/SAP_BusinessOne_R_grad_wht-1024x136.png\" \/>\n<meta name=\"twitter:card\" content=\"summary_large_image\" \/>\n<script type=\"application\/ld+json\" class=\"yoast-schema-graph\">{\"@context\":\"https:\/\/schema.org\",\"@graph\":[{\"@type\":\"WebPage\",\"@id\":\"https:\/\/sharpthinkit.com\/sap-business-one-starter-package\/\",\"url\":\"https:\/\/sharpthinkit.com\/sap-business-one-starter-package\/\",\"name\":\"SharpthinkIT | SAP Business One\",\"isPartOf\":{\"@id\":\"https:\/\/sharpthinkit.com\/#website\"},\"datePublished\":\"2023-03-03T11:41:11+00:00\",\"dateModified\":\"2025-04-29T16:11:46+00:00\",\"description\":\"SAP Business One Starter Package is an essentials version of the world recognized SME ERP software SAP Business One. Click to know more!\",\"breadcrumb\":{\"@id\":\"https:\/\/sharpthinkit.com\/sap-business-one-starter-package\/#breadcrumb\"},\"inLanguage\":\"pt-PT\",\"potentialAction\":[{\"@type\":\"ReadAction\",\"target\":[\"https:\/\/sharpthinkit.com\/sap-business-one-starter-package\/\"]}]},{\"@type\":\"BreadcrumbList\",\"@id\":\"https:\/\/sharpthinkit.com\/sap-business-one-starter-package\/#breadcrumb\",\"itemListElement\":[{\"@type\":\"ListItem\",\"position\":1,\"name\":\"Home\",\"item\":\"https:\/\/sharpthinkit.com\/\"},{\"@type\":\"ListItem\",\"position\":2,\"name\":\"SAP Business One Starter Package\"}]},{\"@type\":\"WebSite\",\"@id\":\"https:\/\/sharpthinkit.com\/#website\",\"url\":\"https:\/\/sharpthinkit.com\/\",\"name\":\"SharpthinkIT\",\"description\":\"Specialists in the SAP Business One ERP management software\",\"publisher\":{\"@id\":\"https:\/\/sharpthinkit.com\/#organization\"},\"potentialAction\":[{\"@type\":\"SearchAction\",\"target\":{\"@type\":\"EntryPoint\",\"urlTemplate\":\"https:\/\/sharpthinkit.com\/?s={search_term_string}\"},\"query-input\":\"required name=search_term_string\"}],\"inLanguage\":\"pt-PT\"},{\"@type\":\"Organization\",\"@id\":\"https:\/\/sharpthinkit.com\/#organization\",\"name\":\"Sharpthinkit\",\"url\":\"https:\/\/sharpthinkit.com\/\",\"logo\":{\"@type\":\"ImageObject\",\"inLanguage\":\"pt-PT\",\"@id\":\"https:\/\/sharpthinkit.com\/#\/schema\/logo\/image\/\",\"url\":\"https:\/\/sharpthinkit.com\/wp-content\/uploads\/2023\/03\/logo-sharpthinkit.svg\",\"contentUrl\":\"https:\/\/sharpthinkit.com\/wp-content\/uploads\/2023\/03\/logo-sharpthinkit.svg\",\"caption\":\"Sharpthinkit\"},\"image\":{\"@id\":\"https:\/\/sharpthinkit.com\/#\/schema\/logo\/image\/\"},\"sameAs\":[\"https:\/\/www.facebook.com\/sharpthinkit\",\"https:\/\/www.linkedin.com\/company\/sharpthinkit\/\",\"https:\/\/www.instagram.com\/sharpthinkit\/\"]}]}<\/script>\n<!-- \/ Yoast SEO plugin. -->","yoast_head_json":{"title":"SharpthinkIT | SAP Business One","description":"SAP Business One Starter Package is an essentials version of the world recognized SME ERP software SAP Business One. Click to know more!","robots":{"index":"index","follow":"follow","max-snippet":"max-snippet:-1","max-image-preview":"max-image-preview:large","max-video-preview":"max-video-preview:-1"},"canonical":"https:\/\/sharpthinkit.com\/pt\/sap-business-one-starter-package\/","og_locale":"pt_PT","og_type":"article","og_title":"SharpthinkIT | SAP Business One","og_description":"SAP Business One Starter Package is an essentials version of the world recognized SME ERP software SAP Business One. Click to know more!","og_url":"https:\/\/sharpthinkit.com\/pt\/sap-business-one-starter-package\/","og_site_name":"SharpthinkIT","article_publisher":"https:\/\/www.facebook.com\/sharpthinkit","article_modified_time":"2025-04-29T16:11:46+00:00","og_image":[{"url":"https:\/\/sharpthinkit.com\/wp-content\/uploads\/2025\/04\/SAP_BusinessOne_R_grad_wht-1024x136.png"}],"twitter_card":"summary_large_image","schema":{"@context":"https:\/\/schema.org","@graph":[{"@type":"WebPage","@id":"https:\/\/sharpthinkit.com\/sap-business-one-starter-package\/","url":"https:\/\/sharpthinkit.com\/sap-business-one-starter-package\/","name":"SharpthinkIT | SAP Business One","isPartOf":{"@id":"https:\/\/sharpthinkit.com\/#website"},"datePublished":"2023-03-03T11:41:11+00:00","dateModified":"2025-04-29T16:11:46+00:00","description":"SAP Business One Starter Package is an essentials version of the world recognized SME ERP software SAP Business One. Click to know more!","breadcrumb":{"@id":"https:\/\/sharpthinkit.com\/sap-business-one-starter-package\/#breadcrumb"},"inLanguage":"pt-PT","potentialAction":[{"@type":"ReadAction","target":["https:\/\/sharpthinkit.com\/sap-business-one-starter-package\/"]}]},{"@type":"BreadcrumbList","@id":"https:\/\/sharpthinkit.com\/sap-business-one-starter-package\/#breadcrumb","itemListElement":[{"@type":"ListItem","position":1,"name":"Home","item":"https:\/\/sharpthinkit.com\/"},{"@type":"ListItem","position":2,"name":"SAP Business One Starter Package"}]},{"@type":"WebSite","@id":"https:\/\/sharpthinkit.com\/#website","url":"https:\/\/sharpthinkit.com\/","name":"SharpthinkIT","description":"Specialists in the SAP Business One ERP management software","publisher":{"@id":"https:\/\/sharpthinkit.com\/#organization"},"potentialAction":[{"@type":"SearchAction","target":{"@type":"EntryPoint","urlTemplate":"https:\/\/sharpthinkit.com\/?s={search_term_string}"},"query-input":"required name=search_term_string"}],"inLanguage":"pt-PT"},{"@type":"Organization","@id":"https:\/\/sharpthinkit.com\/#organization","name":"Sharpthinkit","url":"https:\/\/sharpthinkit.com\/","logo":{"@type":"ImageObject","inLanguage":"pt-PT","@id":"https:\/\/sharpthinkit.com\/#\/schema\/logo\/image\/","url":"https:\/\/sharpthinkit.com\/wp-content\/uploads\/2023\/03\/logo-sharpthinkit.svg","contentUrl":"https:\/\/sharpthinkit.com\/wp-content\/uploads\/2023\/03\/logo-sharpthinkit.svg","caption":"Sharpthinkit"},"image":{"@id":"https:\/\/sharpthinkit.com\/#\/schema\/logo\/image\/"},"sameAs":["https:\/\/www.facebook.com\/sharpthinkit","https:\/\/www.linkedin.com\/company\/sharpthinkit\/","https:\/\/www.instagram.com\/sharpthinkit\/"]}]}},"_links":{"self":[{"href":"https:\/\/sharpthinkit.com\/pt\/wp-json\/wp\/v2\/pages\/2896"}],"collection":[{"href":"https:\/\/sharpthinkit.com\/pt\/wp-json\/wp\/v2\/pages"}],"about":[{"href":"https:\/\/sharpthinkit.com\/pt\/wp-json\/wp\/v2\/types\/page"}],"author":[{"embeddable":true,"href":"https:\/\/sharpthinkit.com\/pt\/wp-json\/wp\/v2\/users\/3"}],"replies":[{"embeddable":true,"href":"https:\/\/sharpthinkit.com\/pt\/wp-json\/wp\/v2\/comments?post=2896"}],"version-history":[{"count":5,"href":"https:\/\/sharpthinkit.com\/pt\/wp-json\/wp\/v2\/pages\/2896\/revisions"}],"predecessor-version":[{"id":11451,"href":"https:\/\/sharpthinkit.com\/pt\/wp-json\/wp\/v2\/pages\/2896\/revisions\/11451"}],"wp:attachment":[{"href":"https:\/\/sharpthinkit.com\/pt\/wp-json\/wp\/v2\/media?parent=2896"}],"curies":[{"name":"wp","href":"https:\/\/api.w.org\/{rel}","templated":true}]}}