{"id":2531,"date":"2023-02-27T18:18:04","date_gmt":"2023-02-27T18:18:04","guid":{"rendered":"https:\/\/sharpthinkit.com\/?page_id=2531"},"modified":"2025-04-29T17:14:46","modified_gmt":"2025-04-29T16:14:46","slug":"demo","status":"publish","type":"page","link":"https:\/\/sharpthinkit.com\/pt\/demo\/","title":{"rendered":"Demo SAP Business One"},"content":{"rendered":"<link rel=\"stylesheet\" href=\"\/wp-includes\/css\/sit-forms.css\">\n\n\n<div class=\"gb-container gb-container-7aaedcff\">\n<div class=\"gb-container gb-container-3ddaaf8a\">\n\n<h1 class=\"gb-headline gb-headline-3d493a58 gb-headline-text\">Demo<\/h1>\n\n<\/div>\n<\/div>\n\n<div class=\"gb-container gb-container-83300523\">\n<div class=\"gb-container gb-container-7b114e48\">\n<div class=\"wp-block-image\">\n<figure class=\"aligncenter size-large is-resized\"><img decoding=\"async\" src=\"https:\/\/sharpthinkit.com\/wp-content\/uploads\/2025\/04\/SAP_BusinessOne_R_grad_blk-1024x136.png\" alt=\"\" class=\"wp-image-11445\" width=\"512\" height=\"68\" srcset=\"https:\/\/sharpthinkit.com\/wp-content\/uploads\/2025\/04\/SAP_BusinessOne_R_grad_blk-1024x136.png 1024w, https:\/\/sharpthinkit.com\/wp-content\/uploads\/2025\/04\/SAP_BusinessOne_R_grad_blk-300x40.png 300w, https:\/\/sharpthinkit.com\/wp-content\/uploads\/2025\/04\/SAP_BusinessOne_R_grad_blk-768x102.png 768w, https:\/\/sharpthinkit.com\/wp-content\/uploads\/2025\/04\/SAP_BusinessOne_R_grad_blk-1536x205.png 1536w, https:\/\/sharpthinkit.com\/wp-content\/uploads\/2025\/04\/SAP_BusinessOne_R_grad_blk-2048x273.png 2048w, https:\/\/sharpthinkit.com\/wp-content\/uploads\/2025\/04\/SAP_BusinessOne_R_grad_blk-18x2.png 18w\" sizes=\"(max-width: 512px) 100vw, 512px\" \/><\/figure><\/div>\n\n\n<div style=\"height:23px\" aria-hidden=\"true\" class=\"wp-block-spacer\"><\/div>\n\n\n\n<p class=\"gb-headline gb-headline-60fdc8f3 gb-headline-text translation-block\">Ap\u00f3s submeter este formul\u00e1rio ser\u00e1 contactado(a) por um dos nossos <span class=\"sit-underline-2\">especialistas SAP<\/span> assim que poss\u00edvel.<\/p>\n\n\n\n<div class=\"wpcf7 no-js\" id=\"wpcf7-f2544-o1\" lang=\"pt-PT\" dir=\"ltr\">\n<div class=\"screen-reader-response\"><p role=\"status\" aria-live=\"polite\" aria-atomic=\"true\"><\/p> <ul><\/ul><\/div>\n<form action=\"\/pt\/wp-json\/wp\/v2\/pages\/2531#wpcf7-f2544-o1\" method=\"post\" class=\"wpcf7-form init sit-form\" aria-label=\"Formul\u00e1rio de contacto\" novalidate=\"novalidate\" data-status=\"init\" data-trp-original-action=\"\/pt\/wp-json\/wp\/v2\/pages\/2531#wpcf7-f2544-o1\">\n<div style=\"display: none;\">\n<input type=\"hidden\" name=\"_wpcf7\" value=\"2544\" \/>\n<input type=\"hidden\" name=\"_wpcf7_version\" value=\"5.8\" \/>\n<input type=\"hidden\" name=\"_wpcf7_locale\" value=\"pt_PT\" \/>\n<input type=\"hidden\" name=\"_wpcf7_unit_tag\" value=\"wpcf7-f2544-o1\" \/>\n<input type=\"hidden\" name=\"_wpcf7_container_post\" value=\"0\" \/>\n<input type=\"hidden\" name=\"_wpcf7_posted_data_hash\" value=\"\" \/>\n<input type=\"hidden\" name=\"_wpcf7_recaptcha_response\" value=\"\" \/>\n<\/div>\n<div class=\"sit-form-col-2\">\n\t<p><label> Primeiro Nome*<br \/>\n<span class=\"wpcf7-form-control-wrap\" data-name=\"your-firstname\"><input size=\"40\" class=\"wpcf7-form-control wpcf7-text wpcf7-validates-as-required\" autocomplete=\"name\" aria-required=\"true\" aria-invalid=\"false\" value=\"\" type=\"text\" name=\"your-firstname\" \/><\/span> <\/label>\n\t<\/p>\n\t<p><label> Apelido*<br \/>\n<span class=\"wpcf7-form-control-wrap\" data-name=\"your-lastname\"><input size=\"40\" class=\"wpcf7-form-control wpcf7-text wpcf7-validates-as-required\" aria-required=\"true\" aria-invalid=\"false\" value=\"\" type=\"text\" name=\"your-lastname\" \/><\/span> <\/label>\n\t<\/p>\n<\/div>\n<p><label> O seu e-mail*<br \/>\n<span class=\"wpcf7-form-control-wrap\" data-name=\"your-email\"><input size=\"40\" class=\"wpcf7-form-control wpcf7-email wpcf7-validates-as-required wpcf7-text wpcf7-validates-as-email\" autocomplete=\"email\" aria-required=\"true\" aria-invalid=\"false\" value=\"\" type=\"email\" name=\"your-email\" \/><\/span> <\/label>\n<\/p>\n<p><label class=\"sit-forms-after-mobile\"> Telem\u00f3vel*<br \/>\n<span class=\"wpcf7-form-control-wrap\" data-name=\"your-mobile\"><input size=\"40\" class=\"wpcf7-form-control wpcf7-tel wpcf7-validates-as-required wpcf7-text wpcf7-validates-as-tel\" autocomplete=\"tel\" aria-required=\"true\" aria-invalid=\"false\" value=\"\" type=\"tel\" name=\"your-mobile\" \/><\/span> <\/label>\n<\/p>\n<div class=\"sit-form-col-2\">\n\t<p><label> Empresa*<br \/>\n<span class=\"wpcf7-form-control-wrap\" data-name=\"your-company\"><input size=\"40\" class=\"wpcf7-form-control wpcf7-text wpcf7-validates-as-required\" aria-required=\"true\" aria-invalid=\"false\" value=\"\" type=\"text\" name=\"your-company\" \/><\/span> <\/label>\n\t<\/p>\n\t<p><label> Fun\u00e7\u00e3o*<br \/>\n<span class=\"wpcf7-form-control-wrap\" data-name=\"your-job_role\"><input size=\"40\" class=\"wpcf7-form-control wpcf7-text wpcf7-validates-as-required\" aria-required=\"true\" aria-invalid=\"false\" value=\"\" type=\"text\" name=\"your-job_role\" \/><\/span> <\/label>\n\t<\/p>\n<\/div>\n<div class=\"sit-form-col-2\">\n\t<p><label> Setor de neg\u00f3cio*<br \/>\n<span class=\"wpcf7-form-control-wrap\" data-name=\"your-business\"><input size=\"40\" class=\"wpcf7-form-control wpcf7-text wpcf7-validates-as-required\" aria-required=\"true\" aria-invalid=\"false\" value=\"\" type=\"text\" name=\"your-business\" \/><\/span> <\/label>\n\t<\/p>\n\t<p><label> Qual \u00e9 o seu ERP atual?*<br \/>\n<span class=\"wpcf7-form-control-wrap\" data-name=\"your-erp\"><input size=\"40\" class=\"wpcf7-form-control wpcf7-text wpcf7-validates-as-required\" aria-required=\"true\" aria-invalid=\"false\" value=\"\" type=\"text\" name=\"your-erp\" \/><\/span> <\/label>\n\t<\/p>\n<\/div>\n<p><label> Mensagem (opcional)<br \/>\n<span class=\"wpcf7-form-control-wrap\" data-name=\"your-message\"><textarea cols=\"2\" rows=\"3\" class=\"wpcf7-form-control wpcf7-textarea\" aria-invalid=\"false\" name=\"your-message\"><\/textarea><\/span> <\/label>\n<\/p>\n<p><label> Como nos conheceu?*<br \/>\n<span class=\"wpcf7-form-control-wrap\" data-name=\"your-source\"><input size=\"40\" class=\"wpcf7-form-control wpcf7-text wpcf7-validates-as-required\" aria-required=\"true\" aria-invalid=\"false\" value=\"\" type=\"text\" name=\"your-source\" \/><\/span> <\/label>\n<\/p>\n<div style=\"padding-bottom:1%; margin-top:5%;\">\n\t<p><span class=\"wpcf7-form-control-wrap\" data-name=\"your-acceptance\"><span class=\"wpcf7-form-control wpcf7-acceptance\"><span class=\"wpcf7-list-item\"><label><input type=\"checkbox\" name=\"your-acceptance\" value=\"1\" class=\"sit-rgpd\" aria-invalid=\"false\" \/><span class=\"wpcf7-list-item-label\">Concordo com a <a href=\"https:\/\/sharpthinkit.com\/pt\/politica-de-privacidade\/\" target=\"_blank\">pol\u00edtica de privacidade<\/a>.<\/span><\/label><\/span><\/span><\/span>\n\t<\/p>\n<\/div>\n<p><input class=\"wpcf7-form-control wpcf7-submit has-spinner\" type=\"submit\" value=\"Pedir Demonstra\u00e7\u00e3o\" \/>\n<\/p><div class=\"wpcf7-response-output\" aria-hidden=\"true\"><\/div>\n<input type=\"hidden\" name=\"trp-form-language\" value=\"pt\"\/><\/form>\n<\/div>\n\n\n<\/div>\n<\/div>","protected":false},"excerpt":{"rendered":"<p>Demo After submiting this form you will be contacted by one of our SAP specialists as soon as possible.<\/p>","protected":false},"author":3,"featured_media":0,"parent":0,"menu_order":0,"comment_status":"closed","ping_status":"closed","template":"","meta":{"inline_featured_image":false},"yoast_head":"<!-- This site is optimized with the Yoast SEO plugin v20.12 - https:\/\/yoast.com\/wordpress\/plugins\/seo\/ -->\n<title>Demo SAP Business One | SharpthinkIT<\/title>\n<meta name=\"description\" content=\"Ask for your SAP Business One demo by submiting the form on this page. You will be contacted by one of our specialists as soon as possible!\" \/>\n<meta name=\"robots\" content=\"noindex, follow\" \/>\n<meta property=\"og:locale\" content=\"pt_PT\" \/>\n<meta property=\"og:type\" content=\"article\" \/>\n<meta property=\"og:title\" content=\"Demo SAP Business One | SharpthinkIT\" \/>\n<meta property=\"og:description\" content=\"Ask for your SAP Business One demo by submiting the form on this page. You will be contacted by one of our specialists as soon as possible!\" \/>\n<meta property=\"og:url\" content=\"https:\/\/sharpthinkit.com\/pt\/demo\/\" \/>\n<meta property=\"og:site_name\" content=\"SharpthinkIT\" \/>\n<meta property=\"article:publisher\" content=\"https:\/\/www.facebook.com\/sharpthinkit\" \/>\n<meta property=\"article:modified_time\" content=\"2025-04-29T16:14:46+00:00\" \/>\n<meta property=\"og:image\" content=\"https:\/\/sharpthinkit.com\/wp-content\/uploads\/2025\/04\/SAP_BusinessOne_R_grad_blk-1024x136.png\" \/>\n<meta name=\"twitter:card\" content=\"summary_large_image\" \/>\n<script type=\"application\/ld+json\" class=\"yoast-schema-graph\">{\"@context\":\"https:\/\/schema.org\",\"@graph\":[{\"@type\":\"WebPage\",\"@id\":\"https:\/\/sharpthinkit.com\/demo\/\",\"url\":\"https:\/\/sharpthinkit.com\/demo\/\",\"name\":\"Demo SAP Business One | SharpthinkIT\",\"isPartOf\":{\"@id\":\"https:\/\/sharpthinkit.com\/#website\"},\"datePublished\":\"2023-02-27T18:18:04+00:00\",\"dateModified\":\"2025-04-29T16:14:46+00:00\",\"description\":\"Ask for your SAP Business One demo by submiting the form on this page. You will be contacted by one of our specialists as soon as possible!\",\"breadcrumb\":{\"@id\":\"https:\/\/sharpthinkit.com\/demo\/#breadcrumb\"},\"inLanguage\":\"pt-PT\",\"potentialAction\":[{\"@type\":\"ReadAction\",\"target\":[\"https:\/\/sharpthinkit.com\/demo\/\"]}]},{\"@type\":\"BreadcrumbList\",\"@id\":\"https:\/\/sharpthinkit.com\/demo\/#breadcrumb\",\"itemListElement\":[{\"@type\":\"ListItem\",\"position\":1,\"name\":\"Home\",\"item\":\"https:\/\/sharpthinkit.com\/\"},{\"@type\":\"ListItem\",\"position\":2,\"name\":\"Demo SAP Business One\"}]},{\"@type\":\"WebSite\",\"@id\":\"https:\/\/sharpthinkit.com\/#website\",\"url\":\"https:\/\/sharpthinkit.com\/\",\"name\":\"SharpthinkIT\",\"description\":\"Specialists in the SAP Business One ERP management software\",\"publisher\":{\"@id\":\"https:\/\/sharpthinkit.com\/#organization\"},\"potentialAction\":[{\"@type\":\"SearchAction\",\"target\":{\"@type\":\"EntryPoint\",\"urlTemplate\":\"https:\/\/sharpthinkit.com\/?s={search_term_string}\"},\"query-input\":\"required name=search_term_string\"}],\"inLanguage\":\"pt-PT\"},{\"@type\":\"Organization\",\"@id\":\"https:\/\/sharpthinkit.com\/#organization\",\"name\":\"Sharpthinkit\",\"url\":\"https:\/\/sharpthinkit.com\/\",\"logo\":{\"@type\":\"ImageObject\",\"inLanguage\":\"pt-PT\",\"@id\":\"https:\/\/sharpthinkit.com\/#\/schema\/logo\/image\/\",\"url\":\"https:\/\/sharpthinkit.com\/wp-content\/uploads\/2023\/03\/logo-sharpthinkit.svg\",\"contentUrl\":\"https:\/\/sharpthinkit.com\/wp-content\/uploads\/2023\/03\/logo-sharpthinkit.svg\",\"caption\":\"Sharpthinkit\"},\"image\":{\"@id\":\"https:\/\/sharpthinkit.com\/#\/schema\/logo\/image\/\"},\"sameAs\":[\"https:\/\/www.facebook.com\/sharpthinkit\",\"https:\/\/www.linkedin.com\/company\/sharpthinkit\/\",\"https:\/\/www.instagram.com\/sharpthinkit\/\"]}]}<\/script>\n<!-- \/ Yoast SEO plugin. -->","yoast_head_json":{"title":"Demo SAP Business One | SharpthinkIT","description":"Ask for your SAP Business One demo by submiting the form on this page. You will be contacted by one of our specialists as soon as possible!","robots":{"index":"noindex","follow":"follow"},"og_locale":"pt_PT","og_type":"article","og_title":"Demo SAP Business One | SharpthinkIT","og_description":"Ask for your SAP Business One demo by submiting the form on this page. You will be contacted by one of our specialists as soon as possible!","og_url":"https:\/\/sharpthinkit.com\/pt\/demo\/","og_site_name":"SharpthinkIT","article_publisher":"https:\/\/www.facebook.com\/sharpthinkit","article_modified_time":"2025-04-29T16:14:46+00:00","og_image":[{"url":"https:\/\/sharpthinkit.com\/wp-content\/uploads\/2025\/04\/SAP_BusinessOne_R_grad_blk-1024x136.png"}],"twitter_card":"summary_large_image","schema":{"@context":"https:\/\/schema.org","@graph":[{"@type":"WebPage","@id":"https:\/\/sharpthinkit.com\/demo\/","url":"https:\/\/sharpthinkit.com\/demo\/","name":"Demo SAP Business One | SharpthinkIT","isPartOf":{"@id":"https:\/\/sharpthinkit.com\/#website"},"datePublished":"2023-02-27T18:18:04+00:00","dateModified":"2025-04-29T16:14:46+00:00","description":"Ask for your SAP Business One demo by submiting the form on this page. You will be contacted by one of our specialists as soon as possible!","breadcrumb":{"@id":"https:\/\/sharpthinkit.com\/demo\/#breadcrumb"},"inLanguage":"pt-PT","potentialAction":[{"@type":"ReadAction","target":["https:\/\/sharpthinkit.com\/demo\/"]}]},{"@type":"BreadcrumbList","@id":"https:\/\/sharpthinkit.com\/demo\/#breadcrumb","itemListElement":[{"@type":"ListItem","position":1,"name":"Home","item":"https:\/\/sharpthinkit.com\/"},{"@type":"ListItem","position":2,"name":"Demo SAP Business One"}]},{"@type":"WebSite","@id":"https:\/\/sharpthinkit.com\/#website","url":"https:\/\/sharpthinkit.com\/","name":"SharpthinkIT","description":"Specialists in the SAP Business One ERP management software","publisher":{"@id":"https:\/\/sharpthinkit.com\/#organization"},"potentialAction":[{"@type":"SearchAction","target":{"@type":"EntryPoint","urlTemplate":"https:\/\/sharpthinkit.com\/?s={search_term_string}"},"query-input":"required name=search_term_string"}],"inLanguage":"pt-PT"},{"@type":"Organization","@id":"https:\/\/sharpthinkit.com\/#organization","name":"Sharpthinkit","url":"https:\/\/sharpthinkit.com\/","logo":{"@type":"ImageObject","inLanguage":"pt-PT","@id":"https:\/\/sharpthinkit.com\/#\/schema\/logo\/image\/","url":"https:\/\/sharpthinkit.com\/wp-content\/uploads\/2023\/03\/logo-sharpthinkit.svg","contentUrl":"https:\/\/sharpthinkit.com\/wp-content\/uploads\/2023\/03\/logo-sharpthinkit.svg","caption":"Sharpthinkit"},"image":{"@id":"https:\/\/sharpthinkit.com\/#\/schema\/logo\/image\/"},"sameAs":["https:\/\/www.facebook.com\/sharpthinkit","https:\/\/www.linkedin.com\/company\/sharpthinkit\/","https:\/\/www.instagram.com\/sharpthinkit\/"]}]}},"_links":{"self":[{"href":"https:\/\/sharpthinkit.com\/pt\/wp-json\/wp\/v2\/pages\/2531"}],"collection":[{"href":"https:\/\/sharpthinkit.com\/pt\/wp-json\/wp\/v2\/pages"}],"about":[{"href":"https:\/\/sharpthinkit.com\/pt\/wp-json\/wp\/v2\/types\/page"}],"author":[{"embeddable":true,"href":"https:\/\/sharpthinkit.com\/pt\/wp-json\/wp\/v2\/users\/3"}],"replies":[{"embeddable":true,"href":"https:\/\/sharpthinkit.com\/pt\/wp-json\/wp\/v2\/comments?post=2531"}],"version-history":[{"count":6,"href":"https:\/\/sharpthinkit.com\/pt\/wp-json\/wp\/v2\/pages\/2531\/revisions"}],"predecessor-version":[{"id":13665,"href":"https:\/\/sharpthinkit.com\/pt\/wp-json\/wp\/v2\/pages\/2531\/revisions\/13665"}],"wp:attachment":[{"href":"https:\/\/sharpthinkit.com\/pt\/wp-json\/wp\/v2\/media?parent=2531"}],"curies":[{"name":"wp","href":"https:\/\/api.w.org\/{rel}","templated":true}]}}