{"id":1079,"date":"2023-02-10T17:17:26","date_gmt":"2023-02-10T17:17:26","guid":{"rendered":"https:\/\/sharpthinkit.com\/?page_id=1079"},"modified":"2023-08-28T12:22:11","modified_gmt":"2023-08-28T11:22:11","slug":"contact","status":"publish","type":"page","link":"https:\/\/sharpthinkit.com\/pt\/contactos\/","title":{"rendered":"Contactos"},"content":{"rendered":"<link rel=\"stylesheet\" href=\"\/wp-includes\/css\/sit-contact.css\">\n<link rel=\"stylesheet\" href=\"\/wp-includes\/css\/sit-forms.css\">\n<style>\n\/*.maps{\ndisplay:none;\n}*\/\n<\/style>\n\n\n<section class=\"gb-container gb-container-326ce899\"><div class=\"gb-inside-container\">\n\n<h1 class=\"gb-headline gb-headline-96884c0e gb-headline-text\">Fale connosco<\/h1>\n\n<\/div><\/section>\n\n<section class=\"gb-container gb-container-7705b4c2\">\n<div class=\"gb-container gb-container-4049107c\">\n<div class=\"gb-grid-wrapper gb-grid-wrapper-a969809c\">\n<div class=\"gb-grid-column gb-grid-column-217d9a68\"><div class=\"gb-container gb-container-217d9a68\">\n\n<p class=\"gb-headline gb-headline-38616784 gb-headline-text\">Contacte o nosso suporte<\/p>\n\n<\/div><\/div>\n\n<div class=\"gb-grid-column gb-grid-column-31ae38e5\"><div class=\"gb-container gb-container-31ae38e5\">\n\n<a class=\"gb-button gb-button-624d45a2\" href=\"tel:+351939488738\"><span class=\"gb-icon\"><svg viewbox=\"0 0 512 512\" xmlns=\"http:\/\/www.w3.org\/2000\/svg\"><path d=\"M164.9 24.6c-7.7-18.6-28-28.5-47.4-23.2l-88 24C12.1 30.2 0 46 0 64C0 311.4 200.6 512 448 512c18 0 33.8-12.1 38.6-29.5l24-88c5.3-19.4-4.6-39.7-23.2-47.4l-96-40c-16.3-6.8-35.2-2.1-46.3 11.6L304.7 368C234.3 334.7 177.3 277.7 144 207.3L193.3 167c13.7-11.2 18.4-30 11.6-46.3l-40-96z\"><\/path><\/svg><\/span><span class=\"gb-button-text\">+351 939 488 738 <\/span><\/a>\n\n\n\n<p class=\"gb-headline gb-headline-1aed8174 gb-headline-text\">Chamada para rede m\u00f3vel nacional<\/p>\n\n<\/div><\/div>\n<\/div>\n<\/div>\n\n<div class=\"gb-container gb-container-4d7f7546\">\n\n<h2 class=\"gb-headline gb-headline-c40731ba gb-headline-text\">N\u00e3o relacionado com suporte?<\/h2>\n\n\n\n<p class=\"gb-headline gb-headline-8a52df26 gb-headline-text\">Envie-nos uma mensagem e entraremos em contacto assim que poss\u00edvel.<\/p>\n\n\n\n<div class=\"wpcf7 no-js\" id=\"wpcf7-f1081-o1\" lang=\"pt-PT\" dir=\"ltr\">\n<div class=\"screen-reader-response\"><p role=\"status\" aria-live=\"polite\" aria-atomic=\"true\"><\/p> <ul><\/ul><\/div>\n<form action=\"\/pt\/wp-json\/wp\/v2\/pages\/1079#wpcf7-f1081-o1\" method=\"post\" class=\"wpcf7-form init\" aria-label=\"Formul\u00e1rio de contacto\" novalidate=\"novalidate\" data-status=\"init\" data-trp-original-action=\"\/pt\/wp-json\/wp\/v2\/pages\/1079#wpcf7-f1081-o1\">\n<div style=\"display: none;\">\n<input type=\"hidden\" name=\"_wpcf7\" value=\"1081\" \/>\n<input type=\"hidden\" name=\"_wpcf7_version\" value=\"5.8\" \/>\n<input type=\"hidden\" name=\"_wpcf7_locale\" value=\"pt_PT\" \/>\n<input type=\"hidden\" name=\"_wpcf7_unit_tag\" value=\"wpcf7-f1081-o1\" \/>\n<input type=\"hidden\" name=\"_wpcf7_container_post\" value=\"0\" \/>\n<input type=\"hidden\" name=\"_wpcf7_posted_data_hash\" value=\"\" \/>\n<input type=\"hidden\" name=\"_wpcf7_recaptcha_response\" value=\"\" \/>\n<\/div>\n<div class=\"sit-form-col-2\">\n\t<p><label> Primeiro Nome*<br \/>\n<span class=\"wpcf7-form-control-wrap\" data-name=\"your-firstname\"><input size=\"40\" class=\"wpcf7-form-control wpcf7-text wpcf7-validates-as-required\" autocomplete=\"name\" aria-required=\"true\" aria-invalid=\"false\" value=\"\" type=\"text\" name=\"your-firstname\" \/><\/span> <\/label>\n\t<\/p>\n\t<p><label> Apelido*<br \/>\n<span class=\"wpcf7-form-control-wrap\" data-name=\"your-lastname\"><input size=\"40\" class=\"wpcf7-form-control wpcf7-text wpcf7-validates-as-required\" aria-required=\"true\" aria-invalid=\"false\" value=\"\" type=\"text\" name=\"your-lastname\" \/><\/span> <\/label>\n\t<\/p>\n<\/div>\n<p><label> O seu e-mail*<br \/>\n<span class=\"wpcf7-form-control-wrap\" data-name=\"your-email\"><input size=\"100\" class=\"wpcf7-form-control wpcf7-email wpcf7-validates-as-required wpcf7-text wpcf7-validates-as-email\" autocomplete=\"email\" aria-required=\"true\" aria-invalid=\"false\" value=\"\" type=\"email\" name=\"your-email\" \/><\/span> <\/label>\n<\/p>\n<p><label class=\"sit-forms-after-mobile\"> Telem\u00f3vel*<br \/>\n<span class=\"wpcf7-form-control-wrap\" data-name=\"your-mobile\"><input size=\"100\" class=\"wpcf7-form-control wpcf7-tel wpcf7-validates-as-required wpcf7-text wpcf7-validates-as-tel\" autocomplete=\"tel\" aria-required=\"true\" aria-invalid=\"false\" value=\"\" type=\"tel\" name=\"your-mobile\" \/><\/span> <\/label>\n<\/p>\n<p><label> Mensagem*<br \/>\n<span class=\"wpcf7-form-control-wrap\" data-name=\"your-message\"><textarea cols=\"2\" rows=\"3\" class=\"wpcf7-form-control wpcf7-textarea wpcf7-validates-as-required\" aria-required=\"true\" aria-invalid=\"false\" name=\"your-message\"><\/textarea><\/span> <\/label>\n<\/p>\n<p><label> Como nos conheceu?*<br \/>\n<span class=\"wpcf7-form-control-wrap\" data-name=\"your-source\"><input size=\"100\" class=\"wpcf7-form-control wpcf7-text wpcf7-validates-as-required\" aria-required=\"true\" aria-invalid=\"false\" value=\"\" type=\"text\" name=\"your-source\" \/><\/span> <\/label>\n<\/p>\n<div style=\"margin-left: 0px; margin-top:7%;\">\n\t<p><span class=\"wpcf7-form-control-wrap\" data-name=\"your-acceptance\"><span class=\"wpcf7-form-control wpcf7-acceptance\"><span class=\"wpcf7-list-item\"><label><input type=\"checkbox\" name=\"your-acceptance\" value=\"1\" class=\"sit-rgpd\" aria-invalid=\"false\" \/><span class=\"wpcf7-list-item-label\">Concordo com a <a href=\"https:\/\/sharpthinkit.com\/pt\/politica-de-privacidade\/\" target=\"_blank\"> pol\u00edtica de privacidade<\/a>.<\/span><\/label><\/span><\/span><\/span>\n\t<\/p>\n<\/div>\n<p><input class=\"wpcf7-form-control wpcf7-submit has-spinner\" type=\"submit\" value=\"Enviar!\" \/>\n<\/p><div class=\"wpcf7-response-output\" aria-hidden=\"true\"><\/div>\n<input type=\"hidden\" name=\"trp-form-language\" value=\"pt\"\/><\/form>\n<\/div>\n\n\n<\/div>\n<\/section>\n\n<section class=\"gb-container gb-container-5628264f maps\">\n<div class=\"gb-container gb-container-168a2617\">\n\n<h2 class=\"gb-headline gb-headline-cd4988df gb-headline-text\"><span class=\"sit-underline-2\">Escrit\u00f3rios<\/span><\/h2>\n\n\n\n<h3 class=\"gb-headline gb-headline-cc622428 gb-headline-text\">\u00d3bidos<\/h3>\n\n\n\n<p class=\"gb-headline gb-headline-ec63d9d5 gb-headline-text\"><a href=\"http:\/\/&quot;https:\/\/goo.gl\/maps\/ALkeM8hgvJauUt2f8\" target=\"_blank\" rel=\"noreferrer noopener\">Parque Tecnol\u00f3gico de \u00d3bidos, Edif\u00edcios Centrais<br>Rua da Criatividade<br>2510-216 \u00d3bidos, Portugal<\/a><\/p>\n\n\n<div class=\"gb-container gb-container-225bf48a container-sit-map\">\n<div class=\"gb-container gb-container-6e9b3555\">\n\n<div class=\"sit-map\"> \n   <div class=\"sit-map-inner\">\n      <div class=\"sit-map-front\">\n          <a href=\"https:\/\/goo.gl\/maps\/ALkeM8hgvJauUt2f8\" target=\"_blank\" rel=\"noopener noreferrer\"><img decoding=\"async\" src=\"\/wp-content\/uploads\/2023\/03\/map-headquarters-600px.webp\" alt=\"Sharpthinkit's           directions Google Maps\"><\/a>\n         \n      <\/div>\n      <div class=\"sit-map-back\"> \n         <div class=\"sit-map-text\">\n         <p>Sim, clique no mapa para obter dire\u00e7\u00f5es \ud83d\ude42<\/p>\n         <\/div>\n      <\/div>\n   <\/div>\n<\/div>\n\n\n\n<figure class=\"gb-block-image gb-block-image-8ecb9f31\"><a href=\"\/\/goo.gl\/maps\/ALkeM8hgvJauUt2f8\" target=\"_blank\" rel=\"noopener noreferrer\"><img decoding=\"async\" width=\"600\" height=\"600\" class=\"gb-image gb-image-8ecb9f31 sit-map-mobile-image\" src=\"https:\/\/sharpthinkit.com\/wp-content\/uploads\/2023\/03\/map-headquarters-600px.webp\" alt=\"\u00d3bidos's office\" srcset=\"https:\/\/sharpthinkit.com\/wp-content\/uploads\/2023\/03\/map-headquarters-600px.webp 600w, https:\/\/sharpthinkit.com\/wp-content\/uploads\/2023\/03\/map-headquarters-600px-300x300.webp 300w, https:\/\/sharpthinkit.com\/wp-content\/uploads\/2023\/03\/map-headquarters-600px-150x150.webp 150w, https:\/\/sharpthinkit.com\/wp-content\/uploads\/2023\/03\/map-headquarters-600px-12x12.webp 12w\" sizes=\"(max-width: 600px) 100vw, 600px\" \/><\/a><\/figure>\n\n<\/div>\n\n<div class=\"gb-container gb-container-5430813b container-sit-map\">\n\n<h3 class=\"gb-headline gb-headline-7e9cd18e gb-headline-text\">Santar\u00e9m<\/h3>\n\n\n\n<p class=\"gb-headline gb-headline-239d8049 gb-headline-text\"><a href=\"https:\/\/goo.gl\/maps\/aXHUqe9huhLtvZTDA\" target=\"_blank\" rel=\"noreferrer noopener\">Av. Marqu\u00eas de Pombal n\u00ba 80, R\/C Esq<br>2005-170 Santar\u00e9m, Portugal<\/a><\/p>\n\n\n\n<div class=\"sit-map\"> \n   <div class=\"sit-map-inner\">\n      <div class=\"sit-map-front\">\n          <a href=\"https:\/\/goo.gl\/maps\/aXHUqe9huhLtvZTDA\" target=\"_blank\" rel=\"noopener noreferrer\"><img decoding=\"async\" src=\"\/wp-content\/uploads\/2023\/03\/map-santarem-800px.webp\" alt=\"Sharpthinkit's           directions Google Maps\"><\/a>\n         \n      <\/div>\n      <div class=\"sit-map-back\"> \n         <div class=\"sit-map-text\">\n         <p>Sim, clique no mapa para obter dire\u00e7\u00f5es \ud83d\ude42<\/p>\n         <\/div>\n      <\/div>\n   <\/div>\n<\/div>\n\n\n\n<figure class=\"gb-block-image gb-block-image-162748f8\"><a href=\"https:\/\/goo.gl\/maps\/aXHUqe9huhLtvZTDA\" target=\"_blank\" rel=\"noopener noreferrer\"><img decoding=\"async\" width=\"800\" height=\"800\" class=\"gb-image gb-image-162748f8 sit-map-mobile-image\" src=\"https:\/\/sharpthinkit.com\/wp-content\/uploads\/2023\/03\/map-santarem-800px.webp\" alt=\"Santar\u00e9m's Office\" srcset=\"https:\/\/sharpthinkit.com\/wp-content\/uploads\/2023\/03\/map-santarem-800px.webp 800w, https:\/\/sharpthinkit.com\/wp-content\/uploads\/2023\/03\/map-santarem-800px-300x300.webp 300w, https:\/\/sharpthinkit.com\/wp-content\/uploads\/2023\/03\/map-santarem-800px-150x150.webp 150w, https:\/\/sharpthinkit.com\/wp-content\/uploads\/2023\/03\/map-santarem-800px-768x768.webp 768w, https:\/\/sharpthinkit.com\/wp-content\/uploads\/2023\/03\/map-santarem-800px-12x12.webp 12w\" sizes=\"(max-width: 800px) 100vw, 800px\" \/><\/a><\/figure>\n\n<\/div>\n\n<div class=\"gb-container gb-container-f25d2e12 container-sit-map\">\n\n<h3 class=\"gb-headline gb-headline-57b62af1 gb-headline-text\">Leiria<\/h3>\n\n\n\n<p class=\"gb-headline gb-headline-40224f09 gb-headline-text\"><a href=\"https:\/\/goo.gl\/maps\/7awR4tZje8MqaHUA6\" target=\"_blank\" rel=\"noreferrer noopener\">Rua Fonte Cabe\u00e7o d&#8217;El Rei n\u00ba 11<br>2400-719 Leiria, Portugal<\/a><\/p>\n\n\n\n<div class=\"sit-map\"> \n   <div class=\"sit-map-inner\">\n      <div class=\"sit-map-front\">\n          <a href=\"https:\/\/goo.gl\/maps\/7awR4tZje8MqaHUA6\" target=\"_blank\" rel=\"noopener noreferrer\"><img decoding=\"async\" src=\"https:\/\/sharpthinkit.com\/wp-content\/uploads\/2023\/03\/map-leiria-700px.webp\" alt=\"Sharpthinkit's           directions Google Maps\"><\/a>\n         \n      <\/div>\n      <div class=\"sit-map-back\"> \n         <div class=\"sit-map-text\">\n         <p>Sim, clique no mapa para obter dire\u00e7\u00f5es \ud83d\ude42<\/p>\n         <\/div>\n      <\/div>\n   <\/div>\n<\/div>\n\n\n\n<figure class=\"gb-block-image gb-block-image-4b4e56ef\"><a href=\"https:\/\/goo.gl\/maps\/7awR4tZje8MqaHUA6\" target=\"_blank\" rel=\"noopener noreferrer\"><img decoding=\"async\" width=\"700\" height=\"700\" class=\"gb-image gb-image-4b4e56ef sit-map-mobile-image\" src=\"https:\/\/sharpthinkit.com\/wp-content\/uploads\/2023\/03\/map-leiria-700px.webp\" alt=\"Leiria's office\" srcset=\"https:\/\/sharpthinkit.com\/wp-content\/uploads\/2023\/03\/map-leiria-700px.webp 700w, https:\/\/sharpthinkit.com\/wp-content\/uploads\/2023\/03\/map-leiria-700px-300x300.webp 300w, https:\/\/sharpthinkit.com\/wp-content\/uploads\/2023\/03\/map-leiria-700px-150x150.webp 150w, https:\/\/sharpthinkit.com\/wp-content\/uploads\/2023\/03\/map-leiria-700px-12x12.webp 12w\" sizes=\"(max-width: 700px) 100vw, 700px\" \/><\/a><\/figure>\n\n<\/div>\n<\/div>\n<\/div>\n<\/section>","protected":false},"excerpt":{"rendered":"<p>Contact Us Not support related? Send us a message and we will reach back to you&nbsp;as soon as possible. Our Offices \u00d3bidos Parque Tecnol\u00f3gico de \u00d3bidos, Edif\u00edcios CentraisRua da Criatividade2510-216 \u00d3bidos, Portugal Yes, click the map to get directions \ud83d\ude42 Santar\u00e9m Av. Marqu\u00eas de Pombal n\u00ba 80, R\/C Esq2005-170 Santar\u00e9m, Portugal Yes, click the map &#8230; <\/p>\n<p class=\"read-more-container\"><a title=\"Contactos\" class=\"read-more button\" href=\"https:\/\/sharpthinkit.com\/pt\/contactos\/#more-1079\" aria-label=\"Leia mais sobre Contact\">Ler mais<\/a><\/p>","protected":false},"author":3,"featured_media":0,"parent":0,"menu_order":0,"comment_status":"closed","ping_status":"closed","template":"","meta":{"inline_featured_image":false},"yoast_head":"<!-- This site is optimized with the Yoast SEO plugin v20.12 - https:\/\/yoast.com\/wordpress\/plugins\/seo\/ -->\n<title>Contact | SharpthinkIT<\/title>\n<meta name=\"description\" content=\"Get in touch with us! In this page you can find our contacts, get directions to our offices and you can also send us a message!\" \/>\n<meta name=\"robots\" content=\"index, follow, max-snippet:-1, max-image-preview:large, max-video-preview:-1\" \/>\n<link rel=\"canonical\" href=\"https:\/\/sharpthinkit.com\/pt\/contactos\/\" \/>\n<meta property=\"og:locale\" content=\"pt_PT\" \/>\n<meta property=\"og:type\" content=\"article\" \/>\n<meta property=\"og:title\" content=\"Contact | SharpthinkIT\" \/>\n<meta property=\"og:description\" content=\"Get in touch with us! In this page you can find our contacts, get directions to our offices and you can also send us a message!\" \/>\n<meta property=\"og:url\" content=\"https:\/\/sharpthinkit.com\/pt\/contactos\/\" \/>\n<meta property=\"og:site_name\" content=\"SharpthinkIT\" \/>\n<meta property=\"article:publisher\" content=\"https:\/\/www.facebook.com\/sharpthinkit\" \/>\n<meta property=\"article:modified_time\" content=\"2023-08-28T11:22:11+00:00\" \/>\n<meta property=\"og:image\" content=\"https:\/\/sharpthinkit.com\/wp-content\/uploads\/2023\/03\/map-headquarters-600px.webp\" \/>\n<meta name=\"twitter:card\" content=\"summary_large_image\" \/>\n<script type=\"application\/ld+json\" class=\"yoast-schema-graph\">{\"@context\":\"https:\/\/schema.org\",\"@graph\":[{\"@type\":\"WebPage\",\"@id\":\"https:\/\/sharpthinkit.com\/contact\/\",\"url\":\"https:\/\/sharpthinkit.com\/contact\/\",\"name\":\"Contact | SharpthinkIT\",\"isPartOf\":{\"@id\":\"https:\/\/sharpthinkit.com\/#website\"},\"datePublished\":\"2023-02-10T17:17:26+00:00\",\"dateModified\":\"2023-08-28T11:22:11+00:00\",\"description\":\"Get in touch with us! In this page you can find our contacts, get directions to our offices and you can also send us a message!\",\"breadcrumb\":{\"@id\":\"https:\/\/sharpthinkit.com\/contact\/#breadcrumb\"},\"inLanguage\":\"pt-PT\",\"potentialAction\":[{\"@type\":\"ReadAction\",\"target\":[\"https:\/\/sharpthinkit.com\/contact\/\"]}]},{\"@type\":\"BreadcrumbList\",\"@id\":\"https:\/\/sharpthinkit.com\/contact\/#breadcrumb\",\"itemListElement\":[{\"@type\":\"ListItem\",\"position\":1,\"name\":\"Home\",\"item\":\"https:\/\/sharpthinkit.com\/\"},{\"@type\":\"ListItem\",\"position\":2,\"name\":\"Contact\"}]},{\"@type\":\"WebSite\",\"@id\":\"https:\/\/sharpthinkit.com\/#website\",\"url\":\"https:\/\/sharpthinkit.com\/\",\"name\":\"SharpthinkIT\",\"description\":\"Specialists in the SAP Business One ERP management software\",\"publisher\":{\"@id\":\"https:\/\/sharpthinkit.com\/#organization\"},\"potentialAction\":[{\"@type\":\"SearchAction\",\"target\":{\"@type\":\"EntryPoint\",\"urlTemplate\":\"https:\/\/sharpthinkit.com\/?s={search_term_string}\"},\"query-input\":\"required name=search_term_string\"}],\"inLanguage\":\"pt-PT\"},{\"@type\":\"Organization\",\"@id\":\"https:\/\/sharpthinkit.com\/#organization\",\"name\":\"Sharpthinkit\",\"url\":\"https:\/\/sharpthinkit.com\/\",\"logo\":{\"@type\":\"ImageObject\",\"inLanguage\":\"pt-PT\",\"@id\":\"https:\/\/sharpthinkit.com\/#\/schema\/logo\/image\/\",\"url\":\"https:\/\/sharpthinkit.com\/wp-content\/uploads\/2023\/03\/logo-sharpthinkit.svg\",\"contentUrl\":\"https:\/\/sharpthinkit.com\/wp-content\/uploads\/2023\/03\/logo-sharpthinkit.svg\",\"caption\":\"Sharpthinkit\"},\"image\":{\"@id\":\"https:\/\/sharpthinkit.com\/#\/schema\/logo\/image\/\"},\"sameAs\":[\"https:\/\/www.facebook.com\/sharpthinkit\",\"https:\/\/www.linkedin.com\/company\/sharpthinkit\/\",\"https:\/\/www.instagram.com\/sharpthinkit\/\"]}]}<\/script>\n<!-- \/ Yoast SEO plugin. -->","yoast_head_json":{"title":"Contact | SharpthinkIT","description":"Get in touch with us! In this page you can find our contacts, get directions to our offices and you can also send us a message!","robots":{"index":"index","follow":"follow","max-snippet":"max-snippet:-1","max-image-preview":"max-image-preview:large","max-video-preview":"max-video-preview:-1"},"canonical":"https:\/\/sharpthinkit.com\/pt\/contactos\/","og_locale":"pt_PT","og_type":"article","og_title":"Contact | SharpthinkIT","og_description":"Get in touch with us! In this page you can find our contacts, get directions to our offices and you can also send us a message!","og_url":"https:\/\/sharpthinkit.com\/pt\/contactos\/","og_site_name":"SharpthinkIT","article_publisher":"https:\/\/www.facebook.com\/sharpthinkit","article_modified_time":"2023-08-28T11:22:11+00:00","og_image":[{"url":"https:\/\/sharpthinkit.com\/wp-content\/uploads\/2023\/03\/map-headquarters-600px.webp"}],"twitter_card":"summary_large_image","schema":{"@context":"https:\/\/schema.org","@graph":[{"@type":"WebPage","@id":"https:\/\/sharpthinkit.com\/contact\/","url":"https:\/\/sharpthinkit.com\/contact\/","name":"Contact | SharpthinkIT","isPartOf":{"@id":"https:\/\/sharpthinkit.com\/#website"},"datePublished":"2023-02-10T17:17:26+00:00","dateModified":"2023-08-28T11:22:11+00:00","description":"Get in touch with us! In this page you can find our contacts, get directions to our offices and you can also send us a message!","breadcrumb":{"@id":"https:\/\/sharpthinkit.com\/contact\/#breadcrumb"},"inLanguage":"pt-PT","potentialAction":[{"@type":"ReadAction","target":["https:\/\/sharpthinkit.com\/contact\/"]}]},{"@type":"BreadcrumbList","@id":"https:\/\/sharpthinkit.com\/contact\/#breadcrumb","itemListElement":[{"@type":"ListItem","position":1,"name":"Home","item":"https:\/\/sharpthinkit.com\/"},{"@type":"ListItem","position":2,"name":"Contact"}]},{"@type":"WebSite","@id":"https:\/\/sharpthinkit.com\/#website","url":"https:\/\/sharpthinkit.com\/","name":"SharpthinkIT","description":"Specialists in the SAP Business One ERP management software","publisher":{"@id":"https:\/\/sharpthinkit.com\/#organization"},"potentialAction":[{"@type":"SearchAction","target":{"@type":"EntryPoint","urlTemplate":"https:\/\/sharpthinkit.com\/?s={search_term_string}"},"query-input":"required name=search_term_string"}],"inLanguage":"pt-PT"},{"@type":"Organization","@id":"https:\/\/sharpthinkit.com\/#organization","name":"Sharpthinkit","url":"https:\/\/sharpthinkit.com\/","logo":{"@type":"ImageObject","inLanguage":"pt-PT","@id":"https:\/\/sharpthinkit.com\/#\/schema\/logo\/image\/","url":"https:\/\/sharpthinkit.com\/wp-content\/uploads\/2023\/03\/logo-sharpthinkit.svg","contentUrl":"https:\/\/sharpthinkit.com\/wp-content\/uploads\/2023\/03\/logo-sharpthinkit.svg","caption":"Sharpthinkit"},"image":{"@id":"https:\/\/sharpthinkit.com\/#\/schema\/logo\/image\/"},"sameAs":["https:\/\/www.facebook.com\/sharpthinkit","https:\/\/www.linkedin.com\/company\/sharpthinkit\/","https:\/\/www.instagram.com\/sharpthinkit\/"]}]}},"_links":{"self":[{"href":"https:\/\/sharpthinkit.com\/pt\/wp-json\/wp\/v2\/pages\/1079"}],"collection":[{"href":"https:\/\/sharpthinkit.com\/pt\/wp-json\/wp\/v2\/pages"}],"about":[{"href":"https:\/\/sharpthinkit.com\/pt\/wp-json\/wp\/v2\/types\/page"}],"author":[{"embeddable":true,"href":"https:\/\/sharpthinkit.com\/pt\/wp-json\/wp\/v2\/users\/3"}],"replies":[{"embeddable":true,"href":"https:\/\/sharpthinkit.com\/pt\/wp-json\/wp\/v2\/comments?post=1079"}],"version-history":[{"count":4,"href":"https:\/\/sharpthinkit.com\/pt\/wp-json\/wp\/v2\/pages\/1079\/revisions"}],"predecessor-version":[{"id":4681,"href":"https:\/\/sharpthinkit.com\/pt\/wp-json\/wp\/v2\/pages\/1079\/revisions\/4681"}],"wp:attachment":[{"href":"https:\/\/sharpthinkit.com\/pt\/wp-json\/wp\/v2\/media?parent=1079"}],"curies":[{"name":"wp","href":"https:\/\/api.w.org\/{rel}","templated":true}]}}